{"id":32640,"date":"2022-02-10T11:31:39","date_gmt":"2022-02-10T11:31:39","guid":{"rendered":"https:\/\/cortecros.com\/?post_type=product&#038;p=32640"},"modified":"2022-02-10T11:31:39","modified_gmt":"2022-02-10T11:31:39","slug":"vpci-309-vrecica","status":"publish","type":"product","link":"https:\/\/cortecros.com\/hr\/product\/vpci-309-vrecica\/","title":{"rendered":"VpCI-309 vre\u0107ica"},"content":{"rendered":"<p><strong>OPIS<\/strong><br \/>\nVpCI-309 Vre\u0107ice sadr\u017ee hlapljivi inhibitor korozije za za\u0161titu metala u te\u0161ko dostupnim udubljenim prostorima i \u0161upljinama. Vre\u0107ice su izra\u0111ene od posebnog Tyvek materijala koji omogu\u0107ava molekulama inhibitora da prolaze kroz membranu vre\u0107ice i stvaraju za\u0161titni sloj na povr\u0161ini metala. VpCI-309 Vre\u0107ice se lako koriste, potrebno je samo odrediti volumen koji se treba za\u0161tititi, s obzirom da svaka vre\u0107ica \u0161titi 1 m3 prostora. VpCI-309 Vre\u0107ice pru\u017eaju lak i \u010dist na\u010din za\u0161tite od korozije.<\/p>\n<p>Nakon primjene VpCI-309 Vre\u0107ice, hlapljivi inhibitor korozije stvara molekularni film na svim izlo\u017eenim metalnim povr\u0161inama i pru\u017ea u\u010dinkovitu za\u0161titu od korozije.<\/p>\n<p>VpCI-309 Vre\u0107ice dostupne su kao pojedina\u010dne vre\u0107ice te svaka od njih pru\u017ea za\u0161titu 1 m3 prostora. Druga\u010dije veli\u010dine i konstrukcije dostupne su na zahtjev.<\/p>\n<p><strong>ZA\u0160TI\u0106ENI METALI<\/strong><br \/>\n\u2022\tUglji\u010dni \u010delik<br \/>\n\u2022\tNehr\u0111aju\u0107i \u010delik<br \/>\n\u2022\tAluminij<\/p>\n<p><strong>NA\u010cIN PRIMJENE<\/strong><br \/>\nOdrediti volumen prostora koji je potrebno za\u0161tititi, te u ta prostor rasporediti vre\u0107ice. Svaka vre\u0107ica \u0161titi 1 m3 prostora. Dobro zatvoriti ili zabrtviti za\u0161ti\u0107eni prostor.<\/p>\n<p><strong>PAKIRANJE I SKLADI\u0160TENJE<\/strong><br \/>\nVpCI-309 Vre\u0107ice su dostupne u pakiranju od 50 vre\u0107ica. Ne smije s skladi\u0161titi pri temperaturi vi\u0161oj od 65\u00b0C. Pakiranje je potrebno zatvoriti kada se ne koristi. Rok trajanja u originalnom pakiranju je do 24 mjeseci.<\/p>\n<p><strong><a href=\"https:\/\/cortecros.com\/wp-content\/uploads\/2022\/02\/VpCI-309_Pouch.pdf\">TEHNI\u010cKI LIST PROIZVODA<\/a><\/strong><\/p>\n","protected":false},"excerpt":{"rendered":"<p>OPIS VpCI-309 Vre\u0107ice sadr\u017ee hlapljivi inhibitor korozije za za\u0161titu metala u te\u0161ko dostupnim udubljenim prostorima i \u0161upljinama. Vre\u0107ice su izra\u0111ene od posebnog Tyvek materijala koji omogu\u0107ava molekulama inhibitora da prolaze kroz membranu vre\u0107ice i stvaraju za\u0161titni sloj na povr\u0161ini metala. VpCI-309 Vre\u0107ice se lako koriste, potrebno je samo odrediti volumen\u2026 <a class=\"continue-reading-link\" href=\"https:\/\/cortecros.com\/hr\/product\/vpci-309-vrecica\/\">nastavi \u010ditati<\/a><\/p>\n","protected":false},"featured_media":32638,"template":"","meta":{"ngg_post_thumbnail":0,"_links_to":"","_links_to_target":""},"product_brand":[],"product_cat":[37],"product_tag":[],"class_list":{"0":"post-32640","1":"product","2":"type-product","3":"status-publish","4":"has-post-thumbnail","6":"product_cat-vpci-prah-za-zastitu-metala","8":"first","9":"instock","10":"shipping-taxable","11":"product-type-simple"},"_links":{"self":[{"href":"https:\/\/cortecros.com\/hr\/wp-json\/wp\/v2\/product\/32640","targetHints":{"allow":["GET"]}}],"collection":[{"href":"https:\/\/cortecros.com\/hr\/wp-json\/wp\/v2\/product"}],"about":[{"href":"https:\/\/cortecros.com\/hr\/wp-json\/wp\/v2\/types\/product"}],"wp:featuredmedia":[{"embeddable":true,"href":"https:\/\/cortecros.com\/hr\/wp-json\/wp\/v2\/media\/32638"}],"wp:attachment":[{"href":"https:\/\/cortecros.com\/hr\/wp-json\/wp\/v2\/media?parent=32640"}],"wp:term":[{"taxonomy":"product_brand","embeddable":true,"href":"https:\/\/cortecros.com\/hr\/wp-json\/wp\/v2\/product_brand?post=32640"},{"taxonomy":"product_cat","embeddable":true,"href":"https:\/\/cortecros.com\/hr\/wp-json\/wp\/v2\/product_cat?post=32640"},{"taxonomy":"product_tag","embeddable":true,"href":"https:\/\/cortecros.com\/hr\/wp-json\/wp\/v2\/product_tag?post=32640"}],"curies":[{"name":"wp","href":"https:\/\/api.w.org\/{rel}","templated":true}]}}