{"id":3267,"date":"2017-05-16T14:15:08","date_gmt":"2017-05-16T14:15:08","guid":{"rendered":"http:\/\/cortecros.com\/product\/s-14-bio\/"},"modified":"2017-05-16T14:15:08","modified_gmt":"2017-05-16T14:15:08","slug":"s-14-bio","status":"publish","type":"product","link":"https:\/\/cortecros.com\/hr\/product\/s-14-bio\/","title":{"rendered":"S-14 Bio"},"content":{"rendered":"<p>S-14 Bio je jedinstven ekolo\u0161ko prihvatljiv proizvod dizajniran za rashladne tornjeve i druge otvorene rashladne sustave.<br \/>\nS-14 Bio je jedinstvena kombinacija sna\u017enog inhibitora kamenca i izvrsne multimetalne antikorozivne za\u0161tite.<br \/>\nSastavljen je od ne toksi\u010dnih, ne opasnih i lako biorazgradljivih komponenata. S-14 Bio \u0161titi razli\u010dite metale od korozije.<\/p>\n<p><strong>Pakiranje:<\/strong> 2.3 kg kanistri, 22.7 kg kanistri i 45.3 kg ba\u010dve.<\/p>\n<p>Tehni\u010dki list proizvoda (TLP)<\/p>\n<p><a href=\"https:\/\/cortecros.com\/wp-content\/uploads\/2017\/07\/S-14Bio.pdf\">S-14Bio<\/a><\/p>\n","protected":false},"excerpt":{"rendered":"<p>S-14 Bio je jedinstven ekolo\u0161ko prihvatljiv proizvod dizajniran za rashladne tornjeve i druge otvorene rashladne sustave. S-14 Bio je jedinstvena kombinacija sna\u017enog inhibitora kamenca i izvrsne multimetalne antikorozivne za\u0161tite. Sastavljen je od ne toksi\u010dnih, ne opasnih i lako biorazgradljivih komponenata. S-14 Bio \u0161titi razli\u010dite metale od korozije. Pakiranje: 2.3 kg\u2026 <a class=\"continue-reading-link\" href=\"https:\/\/cortecros.com\/hr\/product\/s-14-bio\/\">nastavi \u010ditati<\/a><\/p>\n","protected":false},"featured_media":0,"template":"","meta":{"ngg_post_thumbnail":0,"_links_to":"","_links_to_target":""},"product_brand":[],"product_cat":[34],"product_tag":[],"class_list":{"0":"post-3267","1":"product","2":"type-product","3":"status-publish","5":"product_cat-aditivi-za-ulja-obradu-voda-i-inhibitori-korozije-za-naftnu-industriju","7":"first","8":"instock","9":"shipping-taxable","10":"product-type-simple"},"_links":{"self":[{"href":"https:\/\/cortecros.com\/hr\/wp-json\/wp\/v2\/product\/3267","targetHints":{"allow":["GET"]}}],"collection":[{"href":"https:\/\/cortecros.com\/hr\/wp-json\/wp\/v2\/product"}],"about":[{"href":"https:\/\/cortecros.com\/hr\/wp-json\/wp\/v2\/types\/product"}],"wp:attachment":[{"href":"https:\/\/cortecros.com\/hr\/wp-json\/wp\/v2\/media?parent=3267"}],"wp:term":[{"taxonomy":"product_brand","embeddable":true,"href":"https:\/\/cortecros.com\/hr\/wp-json\/wp\/v2\/product_brand?post=3267"},{"taxonomy":"product_cat","embeddable":true,"href":"https:\/\/cortecros.com\/hr\/wp-json\/wp\/v2\/product_cat?post=3267"},{"taxonomy":"product_tag","embeddable":true,"href":"https:\/\/cortecros.com\/hr\/wp-json\/wp\/v2\/product_tag?post=3267"}],"curies":[{"name":"wp","href":"https:\/\/api.w.org\/{rel}","templated":true}]}}