{"id":3270,"date":"2017-05-16T14:18:30","date_gmt":"2017-05-16T14:18:30","guid":{"rendered":"http:\/\/cortecros.com\/product\/s-16-otpjenjivac\/"},"modified":"2017-05-16T14:18:30","modified_gmt":"2017-05-16T14:18:30","slug":"s-16-otpjenjivac","status":"publish","type":"product","link":"https:\/\/cortecros.com\/hr\/product\/s-16-otpjenjivac\/","title":{"rendered":"S-16 Otpjenjiva\u010d"},"content":{"rendered":"<p>S-16 Otpjenjiva\u010d<br \/>\nOtpjenjiva\u010d za vodene i nevodene sustave. Posebno pogodan za kori\u0161tenje s Cortec-ovim inhibitorskim sustavima na osnovi vode i ulja. Stabilan u kiselom i baznom okoli\u0161u. Nema silikona.<\/p>\n<p><strong>Pakiranja:<\/strong> 19 l i 208 l.<\/p>\n<p>Tehni\u010dki list proizvoda (TLP)<\/p>\n<p><a href=\"https:\/\/cortecros.com\/wp-content\/uploads\/2017\/07\/S-16.pdf\">S-16<\/a><\/p>\n","protected":false},"excerpt":{"rendered":"<p>S-16 Otpjenjiva\u010d Otpjenjiva\u010d za vodene i nevodene sustave. Posebno pogodan za kori\u0161tenje s Cortec-ovim inhibitorskim sustavima na osnovi vode i ulja. Stabilan u kiselom i baznom okoli\u0161u. Nema silikona. Pakiranja: 19 l i 208 l. Tehni\u010dki list proizvoda (TLP) S-16 <a class=\"continue-reading-link\" href=\"https:\/\/cortecros.com\/hr\/product\/s-16-otpjenjivac\/\">nastavi \u010ditati<\/a><\/p>\n","protected":false},"featured_media":0,"template":"","meta":{"ngg_post_thumbnail":0,"_links_to":"","_links_to_target":""},"product_brand":[],"product_cat":[34],"product_tag":[],"class_list":{"0":"post-3270","1":"product","2":"type-product","3":"status-publish","5":"product_cat-aditivi-za-ulja-obradu-voda-i-inhibitori-korozije-za-naftnu-industriju","7":"first","8":"instock","9":"shipping-taxable","10":"product-type-simple"},"_links":{"self":[{"href":"https:\/\/cortecros.com\/hr\/wp-json\/wp\/v2\/product\/3270","targetHints":{"allow":["GET"]}}],"collection":[{"href":"https:\/\/cortecros.com\/hr\/wp-json\/wp\/v2\/product"}],"about":[{"href":"https:\/\/cortecros.com\/hr\/wp-json\/wp\/v2\/types\/product"}],"wp:attachment":[{"href":"https:\/\/cortecros.com\/hr\/wp-json\/wp\/v2\/media?parent=3270"}],"wp:term":[{"taxonomy":"product_brand","embeddable":true,"href":"https:\/\/cortecros.com\/hr\/wp-json\/wp\/v2\/product_brand?post=3270"},{"taxonomy":"product_cat","embeddable":true,"href":"https:\/\/cortecros.com\/hr\/wp-json\/wp\/v2\/product_cat?post=3270"},{"taxonomy":"product_tag","embeddable":true,"href":"https:\/\/cortecros.com\/hr\/wp-json\/wp\/v2\/product_tag?post=3270"}],"curies":[{"name":"wp","href":"https:\/\/api.w.org\/{rel}","templated":true}]}}