{"id":3271,"date":"2017-05-16T14:21:52","date_gmt":"2017-05-16T14:21:52","guid":{"rendered":"http:\/\/cortecros.com\/product\/s-7-hvatac-kisika\/"},"modified":"2017-05-16T14:21:52","modified_gmt":"2017-05-16T14:21:52","slug":"s-7-hvatac-kisika","status":"publish","type":"product","link":"https:\/\/cortecros.com\/hr\/product\/s-7-hvatac-kisika\/","title":{"rendered":"S- 7 Hvata\u010d kisika"},"content":{"rendered":"<p>Hvata\u010d kisika za za\u0161titu grija\u0107ih sustava od kisikove korozije (bez hidrazina).<\/p>\n<p><strong>Pakiranje:<\/strong> 2.28 kg, 22.8 kg i 45.4 kg.<\/p>\n<p>&nbsp;<\/p>\n<p>&nbsp;<\/p>\n","protected":false},"excerpt":{"rendered":"<p>Hvata\u010d kisika za za\u0161titu grija\u0107ih sustava od kisikove korozije (bez hidrazina). Pakiranje: 2.28 kg, 22.8 kg i 45.4 kg. &nbsp; &nbsp; <a class=\"continue-reading-link\" href=\"https:\/\/cortecros.com\/hr\/product\/s-7-hvatac-kisika\/\">nastavi \u010ditati<\/a><\/p>\n","protected":false},"featured_media":0,"template":"","meta":{"ngg_post_thumbnail":0,"_links_to":"","_links_to_target":""},"product_brand":[],"product_cat":[34],"product_tag":[],"class_list":{"0":"post-3271","1":"product","2":"type-product","3":"status-publish","5":"product_cat-aditivi-za-ulja-obradu-voda-i-inhibitori-korozije-za-naftnu-industriju","7":"first","8":"instock","9":"shipping-taxable","10":"product-type-simple"},"_links":{"self":[{"href":"https:\/\/cortecros.com\/hr\/wp-json\/wp\/v2\/product\/3271","targetHints":{"allow":["GET"]}}],"collection":[{"href":"https:\/\/cortecros.com\/hr\/wp-json\/wp\/v2\/product"}],"about":[{"href":"https:\/\/cortecros.com\/hr\/wp-json\/wp\/v2\/types\/product"}],"wp:attachment":[{"href":"https:\/\/cortecros.com\/hr\/wp-json\/wp\/v2\/media?parent=3271"}],"wp:term":[{"taxonomy":"product_brand","embeddable":true,"href":"https:\/\/cortecros.com\/hr\/wp-json\/wp\/v2\/product_brand?post=3271"},{"taxonomy":"product_cat","embeddable":true,"href":"https:\/\/cortecros.com\/hr\/wp-json\/wp\/v2\/product_cat?post=3271"},{"taxonomy":"product_tag","embeddable":true,"href":"https:\/\/cortecros.com\/hr\/wp-json\/wp\/v2\/product_tag?post=3271"}],"curies":[{"name":"wp","href":"https:\/\/api.w.org\/{rel}","templated":true}]}}