{"id":3275,"date":"2017-05-16T14:20:16","date_gmt":"2017-05-16T14:20:16","guid":{"rendered":"http:\/\/cortecros.com\/product\/s-69-prah\/"},"modified":"2017-08-04T08:35:05","modified_gmt":"2017-08-04T08:35:05","slug":"s-69-prah","status":"publish","type":"product","link":"https:\/\/cortecros.com\/hr\/product\/s-69-prah\/","title":{"rendered":"S-69 Prah"},"content":{"rendered":"<p>S-69 prah je aditiv razvijen za antikorozivnu za\u0161titu vodenih sustava. Osigurava<br \/>\nmultimetalnu za\u0161titu uklju\u010duju\u0107i i galvanizirani \u010delik i \u017eute metale. Na metalnoj povr\u0161ini<br \/>\nstvara monomolekularni sloj koji \u0161titi u sve tri faze-teku\u0107oj, parnoj i na dodirnoj povr\u0161ini<br \/>\npara-teku\u0107ina.<\/p>\n<p><strong>Pakiranje:<\/strong> 2.27 kg (5 lb) kutije i 45.3 kg (100 lb) ba\u010dve<\/p>\n<p>Tehni\u010dki list proizvoda (TLP)<\/p>\n<p><a href=\"https:\/\/cortecros.com\/wp-content\/uploads\/2017\/07\/S-69Prah.pdf\">S-69Prah<\/a><\/p>\n","protected":false},"excerpt":{"rendered":"<p>S-69 prah je aditiv razvijen za antikorozivnu za\u0161titu vodenih sustava. Osigurava multimetalnu za\u0161titu uklju\u010duju\u0107i i galvanizirani \u010delik i \u017eute metale. Na metalnoj povr\u0161ini stvara monomolekularni sloj koji \u0161titi u sve tri faze-teku\u0107oj, parnoj i na dodirnoj povr\u0161ini para-teku\u0107ina. Pakiranje: 2.27 kg (5 lb) kutije i 45.3 kg (100 lb) ba\u010dve\u2026 <a class=\"continue-reading-link\" href=\"https:\/\/cortecros.com\/hr\/product\/s-69-prah\/\">nastavi \u010ditati<\/a><\/p>\n","protected":false},"featured_media":0,"template":"","meta":{"ngg_post_thumbnail":0,"_links_to":"","_links_to_target":""},"product_brand":[],"product_cat":[34],"product_tag":[],"class_list":{"0":"post-3275","1":"product","2":"type-product","3":"status-publish","5":"product_cat-aditivi-za-ulja-obradu-voda-i-inhibitori-korozije-za-naftnu-industriju","7":"first","8":"instock","9":"shipping-taxable","10":"product-type-simple"},"_links":{"self":[{"href":"https:\/\/cortecros.com\/hr\/wp-json\/wp\/v2\/product\/3275","targetHints":{"allow":["GET"]}}],"collection":[{"href":"https:\/\/cortecros.com\/hr\/wp-json\/wp\/v2\/product"}],"about":[{"href":"https:\/\/cortecros.com\/hr\/wp-json\/wp\/v2\/types\/product"}],"wp:attachment":[{"href":"https:\/\/cortecros.com\/hr\/wp-json\/wp\/v2\/media?parent=3275"}],"wp:term":[{"taxonomy":"product_brand","embeddable":true,"href":"https:\/\/cortecros.com\/hr\/wp-json\/wp\/v2\/product_brand?post=3275"},{"taxonomy":"product_cat","embeddable":true,"href":"https:\/\/cortecros.com\/hr\/wp-json\/wp\/v2\/product_cat?post=3275"},{"taxonomy":"product_tag","embeddable":true,"href":"https:\/\/cortecros.com\/hr\/wp-json\/wp\/v2\/product_tag?post=3275"}],"curies":[{"name":"wp","href":"https:\/\/api.w.org\/{rel}","templated":true}]}}