{"id":3278,"date":"2017-05-17T16:54:18","date_gmt":"2017-05-17T16:54:18","guid":{"rendered":"http:\/\/cortecros.com\/product\/vpci-611-inhibitor-korozije-za-pjeskarenje-vodenim-tlakom\/"},"modified":"2017-08-04T07:35:41","modified_gmt":"2017-08-04T07:35:41","slug":"vpci-611-inhibitor-korozije-za-pjeskarenje-vodenim-tlakom","status":"publish","type":"product","link":"https:\/\/cortecros.com\/hr\/product\/vpci-611-inhibitor-korozije-za-pjeskarenje-vodenim-tlakom\/","title":{"rendered":"VpCI-611 Inhibitor korozije za pjeskarenje vodenim tlakom"},"content":{"rendered":"<p>Inhibitor korozije na vodenoj osnovi namijenjen kao aditiv za vodeno pjeskarenje ili vla\u017eno abrazivno pjeskarenje. Ostavlja vrlo tanak, proziran, suh film na povr\u0161ini metala, koji se mo\u017ee variti ili premazivati. Ne sadr\u017ei nitritne ni fosfatne inhibitore.<\/p>\n<p><strong>Pakiranje:<\/strong> 19 l i 208 l.<\/p>\n<p>Tehni\u010dki list proizvoda (TLP)<\/p>\n<p><a href=\"https:\/\/cortecros.com\/wp-content\/uploads\/2017\/07\/VpCI-611.pdf\">VpCI-611<\/a><\/p>\n","protected":false},"excerpt":{"rendered":"<p>Inhibitor korozije na vodenoj osnovi namijenjen kao aditiv za vodeno pjeskarenje ili vla\u017eno abrazivno pjeskarenje. Ostavlja vrlo tanak, proziran, suh film na povr\u0161ini metala, koji se mo\u017ee variti ili premazivati. Ne sadr\u017ei nitritne ni fosfatne inhibitore. Pakiranje: 19 l i 208 l. Tehni\u010dki list proizvoda (TLP) VpCI-611 <a class=\"continue-reading-link\" href=\"https:\/\/cortecros.com\/hr\/product\/vpci-611-inhibitor-korozije-za-pjeskarenje-vodenim-tlakom\/\">nastavi \u010ditati<\/a><\/p>\n","protected":false},"featured_media":0,"template":"","meta":{"ngg_post_thumbnail":0,"_links_to":"","_links_to_target":""},"product_brand":[],"product_cat":[35],"product_tag":[],"class_list":{"0":"post-3278","1":"product","2":"type-product","3":"status-publish","5":"product_cat-vpci-proizvodi-za-obradu-metala","7":"first","8":"instock","9":"shipping-taxable","10":"product-type-simple"},"_links":{"self":[{"href":"https:\/\/cortecros.com\/hr\/wp-json\/wp\/v2\/product\/3278","targetHints":{"allow":["GET"]}}],"collection":[{"href":"https:\/\/cortecros.com\/hr\/wp-json\/wp\/v2\/product"}],"about":[{"href":"https:\/\/cortecros.com\/hr\/wp-json\/wp\/v2\/types\/product"}],"wp:attachment":[{"href":"https:\/\/cortecros.com\/hr\/wp-json\/wp\/v2\/media?parent=3278"}],"wp:term":[{"taxonomy":"product_brand","embeddable":true,"href":"https:\/\/cortecros.com\/hr\/wp-json\/wp\/v2\/product_brand?post=3278"},{"taxonomy":"product_cat","embeddable":true,"href":"https:\/\/cortecros.com\/hr\/wp-json\/wp\/v2\/product_cat?post=3278"},{"taxonomy":"product_tag","embeddable":true,"href":"https:\/\/cortecros.com\/hr\/wp-json\/wp\/v2\/product_tag?post=3278"}],"curies":[{"name":"wp","href":"https:\/\/api.w.org\/{rel}","templated":true}]}}