{"id":3280,"date":"2017-05-16T14:29:03","date_gmt":"2017-05-16T14:29:03","guid":{"rendered":"http:\/\/cortecros.com\/product\/vpci-615-inhibitor-za-kotlove-bojlere\/"},"modified":"2017-05-16T14:29:03","modified_gmt":"2017-05-16T14:29:03","slug":"vpci-615-inhibitor-za-kotlove-bojlere","status":"publish","type":"product","link":"https:\/\/cortecros.com\/hr\/product\/vpci-615-inhibitor-za-kotlove-bojlere\/","title":{"rendered":"VpCI-615 Inhibitor za kotlove (bojlere)"},"content":{"rendered":"<p>Inhibitor korozije na bazi fosfata za dugotrajnu za\u0161titu niskotla\u010dnih i srednjetla\u010dnih sustava za grijanje.<\/p>\n<p><strong>Pakiranje:<\/strong> 19 l, ba\u010dva 208 l, kontejner 1040 l.<\/p>\n<p>&nbsp;<\/p>\n","protected":false},"excerpt":{"rendered":"<p>Inhibitor korozije na bazi fosfata za dugotrajnu za\u0161titu niskotla\u010dnih i srednjetla\u010dnih sustava za grijanje. Pakiranje: 19 l, ba\u010dva 208 l, kontejner 1040 l. &nbsp; <a class=\"continue-reading-link\" href=\"https:\/\/cortecros.com\/hr\/product\/vpci-615-inhibitor-za-kotlove-bojlere\/\">nastavi \u010ditati<\/a><\/p>\n","protected":false},"featured_media":0,"template":"","meta":{"ngg_post_thumbnail":0,"_links_to":"","_links_to_target":""},"product_brand":[],"product_cat":[34],"product_tag":[],"class_list":{"0":"post-3280","1":"product","2":"type-product","3":"status-publish","5":"product_cat-aditivi-za-ulja-obradu-voda-i-inhibitori-korozije-za-naftnu-industriju","7":"first","8":"instock","9":"shipping-taxable","10":"product-type-simple"},"_links":{"self":[{"href":"https:\/\/cortecros.com\/hr\/wp-json\/wp\/v2\/product\/3280","targetHints":{"allow":["GET"]}}],"collection":[{"href":"https:\/\/cortecros.com\/hr\/wp-json\/wp\/v2\/product"}],"about":[{"href":"https:\/\/cortecros.com\/hr\/wp-json\/wp\/v2\/types\/product"}],"wp:attachment":[{"href":"https:\/\/cortecros.com\/hr\/wp-json\/wp\/v2\/media?parent=3280"}],"wp:term":[{"taxonomy":"product_brand","embeddable":true,"href":"https:\/\/cortecros.com\/hr\/wp-json\/wp\/v2\/product_brand?post=3280"},{"taxonomy":"product_cat","embeddable":true,"href":"https:\/\/cortecros.com\/hr\/wp-json\/wp\/v2\/product_cat?post=3280"},{"taxonomy":"product_tag","embeddable":true,"href":"https:\/\/cortecros.com\/hr\/wp-json\/wp\/v2\/product_tag?post=3280"}],"curies":[{"name":"wp","href":"https:\/\/api.w.org\/{rel}","templated":true}]}}