{"id":3281,"date":"2017-05-16T14:29:51","date_gmt":"2017-05-16T14:29:51","guid":{"rendered":"http:\/\/cortecros.com\/product\/vpci-617-tretman-vode-u-bojlerima\/"},"modified":"2017-05-16T14:29:51","modified_gmt":"2017-05-16T14:29:51","slug":"vpci-617-tretman-vode-u-bojlerima","status":"publish","type":"product","link":"https:\/\/cortecros.com\/hr\/product\/vpci-617-tretman-vode-u-bojlerima\/","title":{"rendered":"VpCI-617 Tretman vode u bojlerima"},"content":{"rendered":"<p>Vodotopiv, pru\u017ea dugotrajnu za\u0161titu od korozije i stvaranja kamenca. Pogodan za niskotla\u010dne do srednjetla\u010dne grija\u0107e sustave.<\/p>\n<p><strong>Pakiranje:<\/strong> 19 l i 208 l.<\/p>\n","protected":false},"excerpt":{"rendered":"<p>Vodotopiv, pru\u017ea dugotrajnu za\u0161titu od korozije i stvaranja kamenca. Pogodan za niskotla\u010dne do srednjetla\u010dne grija\u0107e sustave. Pakiranje: 19 l i 208 l. <a class=\"continue-reading-link\" href=\"https:\/\/cortecros.com\/hr\/product\/vpci-617-tretman-vode-u-bojlerima\/\">nastavi \u010ditati<\/a><\/p>\n","protected":false},"featured_media":0,"template":"","meta":{"ngg_post_thumbnail":0,"_links_to":"","_links_to_target":""},"product_brand":[],"product_cat":[34],"product_tag":[],"class_list":{"0":"post-3281","1":"product","2":"type-product","3":"status-publish","5":"product_cat-aditivi-za-ulja-obradu-voda-i-inhibitori-korozije-za-naftnu-industriju","7":"first","8":"instock","9":"shipping-taxable","10":"product-type-simple"},"_links":{"self":[{"href":"https:\/\/cortecros.com\/hr\/wp-json\/wp\/v2\/product\/3281","targetHints":{"allow":["GET"]}}],"collection":[{"href":"https:\/\/cortecros.com\/hr\/wp-json\/wp\/v2\/product"}],"about":[{"href":"https:\/\/cortecros.com\/hr\/wp-json\/wp\/v2\/types\/product"}],"wp:attachment":[{"href":"https:\/\/cortecros.com\/hr\/wp-json\/wp\/v2\/media?parent=3281"}],"wp:term":[{"taxonomy":"product_brand","embeddable":true,"href":"https:\/\/cortecros.com\/hr\/wp-json\/wp\/v2\/product_brand?post=3281"},{"taxonomy":"product_cat","embeddable":true,"href":"https:\/\/cortecros.com\/hr\/wp-json\/wp\/v2\/product_cat?post=3281"},{"taxonomy":"product_tag","embeddable":true,"href":"https:\/\/cortecros.com\/hr\/wp-json\/wp\/v2\/product_tag?post=3281"}],"curies":[{"name":"wp","href":"https:\/\/api.w.org\/{rel}","templated":true}]}}