{"id":3287,"date":"2017-05-16T14:35:35","date_gmt":"2017-05-16T14:35:35","guid":{"rendered":"http:\/\/cortecros.com\/product\/vpci-637-inhibitor-za-linije-protoka-i-transmisije-plinova\/"},"modified":"2017-07-13T11:25:57","modified_gmt":"2017-07-13T11:25:57","slug":"vpci-637-inhibitor-za-linije-protoka-i-transmisije-plinova","status":"publish","type":"product","link":"https:\/\/cortecros.com\/hr\/product\/vpci-637-inhibitor-za-linije-protoka-i-transmisije-plinova\/","title":{"rendered":"VpCI\u00ae-637 Inhibitor za linije protoka i transmisije plinova"},"content":{"rendered":"<p>Pru\u017ea unutra\u0161nju za\u0161titu od korozije za linije za protok i transmisiju plinova. Uspje\u0161an protiv vode, korozivnih plinova i kontaminacije kloridima.<\/p>\n<p><strong>Pakiranje:<\/strong> 19 l i 208 l.<\/p>\n<p>Tehni\u010dki list proizvoda (TLP)<\/p>\n<p><a href=\"https:\/\/cortecros.com\/wp-content\/uploads\/2017\/07\/VpCI-637.pdf\">VpCI-637<\/a><\/p>\n","protected":false},"excerpt":{"rendered":"<p>Pru\u017ea unutra\u0161nju za\u0161titu od korozije za linije za protok i transmisiju plinova. Uspje\u0161an protiv vode, korozivnih plinova i kontaminacije kloridima. Pakiranje: 19 l i 208 l. Tehni\u010dki list proizvoda (TLP) VpCI-637 <a class=\"continue-reading-link\" href=\"https:\/\/cortecros.com\/hr\/product\/vpci-637-inhibitor-za-linije-protoka-i-transmisije-plinova\/\">nastavi \u010ditati<\/a><\/p>\n","protected":false},"featured_media":0,"template":"","meta":{"ngg_post_thumbnail":0,"_links_to":"","_links_to_target":""},"product_brand":[],"product_cat":[34],"product_tag":[],"class_list":{"0":"post-3287","1":"product","2":"type-product","3":"status-publish","5":"product_cat-aditivi-za-ulja-obradu-voda-i-inhibitori-korozije-za-naftnu-industriju","7":"first","8":"instock","9":"shipping-taxable","10":"product-type-simple"},"_links":{"self":[{"href":"https:\/\/cortecros.com\/hr\/wp-json\/wp\/v2\/product\/3287","targetHints":{"allow":["GET"]}}],"collection":[{"href":"https:\/\/cortecros.com\/hr\/wp-json\/wp\/v2\/product"}],"about":[{"href":"https:\/\/cortecros.com\/hr\/wp-json\/wp\/v2\/types\/product"}],"wp:attachment":[{"href":"https:\/\/cortecros.com\/hr\/wp-json\/wp\/v2\/media?parent=3287"}],"wp:term":[{"taxonomy":"product_brand","embeddable":true,"href":"https:\/\/cortecros.com\/hr\/wp-json\/wp\/v2\/product_brand?post=3287"},{"taxonomy":"product_cat","embeddable":true,"href":"https:\/\/cortecros.com\/hr\/wp-json\/wp\/v2\/product_cat?post=3287"},{"taxonomy":"product_tag","embeddable":true,"href":"https:\/\/cortecros.com\/hr\/wp-json\/wp\/v2\/product_tag?post=3287"}],"curies":[{"name":"wp","href":"https:\/\/api.w.org\/{rel}","templated":true}]}}