{"id":3296,"date":"2017-05-16T14:37:57","date_gmt":"2017-05-16T14:37:57","guid":{"rendered":"http:\/\/cortecros.com\/product\/vpci-644-inhibitor-korozije-za-slanu-vodu\/"},"modified":"2020-04-09T11:00:46","modified_gmt":"2020-04-09T11:00:46","slug":"vpci-644-inhibitor-korozije-za-slanu-vodu","status":"publish","type":"product","link":"https:\/\/cortecros.com\/hr\/product\/vpci-644-inhibitor-korozije-za-slanu-vodu\/","title":{"rendered":"VpCI-644 Inhibitor korozije za slanu vodu"},"content":{"rendered":"<p>VpCI-644 Inhibitor korozije za slanu vodu<br \/>\nInhibitor korozije za za\u0161titu od korozije opreme od crnih i obojenih metala u kojoj se nalazi voda, koja sadr\u017ei anorganske soli uklju\u010duju\u0107i i kloride. Kao koncentrat vrlo je djelotvoran u malim dozama i to za tretiranje vrlo razli\u010ditih voda, kao \u0161to su vode u brodskim sustavima i procesne vode bilo slatka ili morska, slana voda.<\/p>\n<p><strong>Pakiranje:<\/strong> 19 l, ba\u010dva 208 l, kontejner 1040 l.<\/p>\n<p><a href=\"https:\/\/cortecros.com\/wp-content\/uploads\/2020\/04\/VpCI-644-new.pdf\">Tehni\u010dki list proizvoda<\/a><\/p>\n","protected":false},"excerpt":{"rendered":"<p>VpCI-644 Inhibitor korozije za slanu vodu Inhibitor korozije za za\u0161titu od korozije opreme od crnih i obojenih metala u kojoj se nalazi voda, koja sadr\u017ei anorganske soli uklju\u010duju\u0107i i kloride. Kao koncentrat vrlo je djelotvoran u malim dozama i to za tretiranje vrlo razli\u010ditih voda, kao \u0161to su vode u\u2026 <a class=\"continue-reading-link\" href=\"https:\/\/cortecros.com\/hr\/product\/vpci-644-inhibitor-korozije-za-slanu-vodu\/\">nastavi \u010ditati<\/a><\/p>\n","protected":false},"featured_media":29349,"template":"","meta":{"ngg_post_thumbnail":0,"_links_to":"","_links_to_target":""},"product_brand":[],"product_cat":[34],"product_tag":[],"class_list":{"0":"post-3296","1":"product","2":"type-product","3":"status-publish","4":"has-post-thumbnail","6":"product_cat-aditivi-za-ulja-obradu-voda-i-inhibitori-korozije-za-naftnu-industriju","8":"first","9":"instock","10":"shipping-taxable","11":"product-type-simple"},"_links":{"self":[{"href":"https:\/\/cortecros.com\/hr\/wp-json\/wp\/v2\/product\/3296","targetHints":{"allow":["GET"]}}],"collection":[{"href":"https:\/\/cortecros.com\/hr\/wp-json\/wp\/v2\/product"}],"about":[{"href":"https:\/\/cortecros.com\/hr\/wp-json\/wp\/v2\/types\/product"}],"wp:featuredmedia":[{"embeddable":true,"href":"https:\/\/cortecros.com\/hr\/wp-json\/wp\/v2\/media\/29349"}],"wp:attachment":[{"href":"https:\/\/cortecros.com\/hr\/wp-json\/wp\/v2\/media?parent=3296"}],"wp:term":[{"taxonomy":"product_brand","embeddable":true,"href":"https:\/\/cortecros.com\/hr\/wp-json\/wp\/v2\/product_brand?post=3296"},{"taxonomy":"product_cat","embeddable":true,"href":"https:\/\/cortecros.com\/hr\/wp-json\/wp\/v2\/product_cat?post=3296"},{"taxonomy":"product_tag","embeddable":true,"href":"https:\/\/cortecros.com\/hr\/wp-json\/wp\/v2\/product_tag?post=3296"}],"curies":[{"name":"wp","href":"https:\/\/api.w.org\/{rel}","templated":true}]}}