{"id":3299,"date":"2017-05-16T14:38:46","date_gmt":"2017-05-16T14:38:46","guid":{"rendered":"http:\/\/cortecros.com\/product\/vpci-645-inhibitor-korozije-za-morsku-vodu\/"},"modified":"2020-04-09T11:15:48","modified_gmt":"2020-04-09T11:15:48","slug":"vpci-645-inhibitor-korozije-za-morsku-vodu","status":"publish","type":"product","link":"https:\/\/cortecros.com\/hr\/product\/vpci-645-inhibitor-korozije-za-morsku-vodu\/","title":{"rendered":"VpCI-645 Inhibitor korozije za morsku vodu"},"content":{"rendered":"<p>Neotrovni biolo\u0161ko razgradivi koncentrat, dugodjeluju\u0107i inhibitor korozije u svje\u017eoj vodi, slanoj vodi i izrazito korozivnim otopinama sa sadr\u017eajem sulfida ili halogena.<\/p>\n<p><strong>Pakiranje:<\/strong> 19 l i 208 l.<\/p>\n<p><a href=\"https:\/\/cortecros.com\/wp-content\/uploads\/2020\/04\/VpCI-645_-_new.pdf\">Tehni\u010dki list proizvoda<\/a><\/p>\n","protected":false},"excerpt":{"rendered":"<p>Neotrovni biolo\u0161ko razgradivi koncentrat, dugodjeluju\u0107i inhibitor korozije u svje\u017eoj vodi, slanoj vodi i izrazito korozivnim otopinama sa sadr\u017eajem sulfida ili halogena. Pakiranje: 19 l i 208 l. Tehni\u010dki list proizvoda <a class=\"continue-reading-link\" href=\"https:\/\/cortecros.com\/hr\/product\/vpci-645-inhibitor-korozije-za-morsku-vodu\/\">nastavi \u010ditati<\/a><\/p>\n","protected":false},"featured_media":29351,"template":"","meta":{"ngg_post_thumbnail":0,"_links_to":"","_links_to_target":""},"product_brand":[],"product_cat":[34],"product_tag":[],"class_list":{"0":"post-3299","1":"product","2":"type-product","3":"status-publish","4":"has-post-thumbnail","6":"product_cat-aditivi-za-ulja-obradu-voda-i-inhibitori-korozije-za-naftnu-industriju","8":"first","9":"instock","10":"shipping-taxable","11":"product-type-simple"},"_links":{"self":[{"href":"https:\/\/cortecros.com\/hr\/wp-json\/wp\/v2\/product\/3299","targetHints":{"allow":["GET"]}}],"collection":[{"href":"https:\/\/cortecros.com\/hr\/wp-json\/wp\/v2\/product"}],"about":[{"href":"https:\/\/cortecros.com\/hr\/wp-json\/wp\/v2\/types\/product"}],"wp:featuredmedia":[{"embeddable":true,"href":"https:\/\/cortecros.com\/hr\/wp-json\/wp\/v2\/media\/29351"}],"wp:attachment":[{"href":"https:\/\/cortecros.com\/hr\/wp-json\/wp\/v2\/media?parent=3299"}],"wp:term":[{"taxonomy":"product_brand","embeddable":true,"href":"https:\/\/cortecros.com\/hr\/wp-json\/wp\/v2\/product_brand?post=3299"},{"taxonomy":"product_cat","embeddable":true,"href":"https:\/\/cortecros.com\/hr\/wp-json\/wp\/v2\/product_cat?post=3299"},{"taxonomy":"product_tag","embeddable":true,"href":"https:\/\/cortecros.com\/hr\/wp-json\/wp\/v2\/product_tag?post=3299"}],"curies":[{"name":"wp","href":"https:\/\/api.w.org\/{rel}","templated":true}]}}