{"id":3302,"date":"2017-05-16T14:39:26","date_gmt":"2017-05-16T14:39:26","guid":{"rendered":"http:\/\/cortecros.com\/product\/vpci-646-za-ambiodski-tretman-vode\/"},"modified":"2017-05-16T14:39:26","modified_gmt":"2017-05-16T14:39:26","slug":"vpci-646-za-ambiodski-tretman-vode","status":"publish","type":"product","link":"https:\/\/cortecros.com\/hr\/product\/vpci-646-za-ambiodski-tretman-vode\/","title":{"rendered":"VpCI-646 Za ambiodski tretman vode"},"content":{"rendered":"<p>Inhibitor korozije za za\u0161titu od korozije i odlaganja kamenca sustava za hla\u0111enja i sustava industrijskih procesnih voda. Siguran za okoli\u0161. Inhibitor za otvorene i recirkuliraju\u0107e sustave i sprje\u010davanje odlaganja kamenca.<\/p>\n<p><strong>Pakiranje:<\/strong> 19 l, ba\u010dva 208 l, kontejner 1040 l<\/p>\n<p>Tehni\u010dki list proizvoda (TLP)<\/p>\n<p><a href=\"https:\/\/cortecros.com\/wp-content\/uploads\/2017\/07\/VpCI-646.pdf\">VpCI-646<\/a><\/p>\n","protected":false},"excerpt":{"rendered":"<p>Inhibitor korozije za za\u0161titu od korozije i odlaganja kamenca sustava za hla\u0111enja i sustava industrijskih procesnih voda. Siguran za okoli\u0161. Inhibitor za otvorene i recirkuliraju\u0107e sustave i sprje\u010davanje odlaganja kamenca. Pakiranje: 19 l, ba\u010dva 208 l, kontejner 1040 l Tehni\u010dki list proizvoda (TLP) VpCI-646 <a class=\"continue-reading-link\" href=\"https:\/\/cortecros.com\/hr\/product\/vpci-646-za-ambiodski-tretman-vode\/\">nastavi \u010ditati<\/a><\/p>\n","protected":false},"featured_media":0,"template":"","meta":{"ngg_post_thumbnail":0,"_links_to":"","_links_to_target":""},"product_brand":[],"product_cat":[34],"product_tag":[],"class_list":{"0":"post-3302","1":"product","2":"type-product","3":"status-publish","5":"product_cat-aditivi-za-ulja-obradu-voda-i-inhibitori-korozije-za-naftnu-industriju","7":"first","8":"instock","9":"shipping-taxable","10":"product-type-simple"},"_links":{"self":[{"href":"https:\/\/cortecros.com\/hr\/wp-json\/wp\/v2\/product\/3302","targetHints":{"allow":["GET"]}}],"collection":[{"href":"https:\/\/cortecros.com\/hr\/wp-json\/wp\/v2\/product"}],"about":[{"href":"https:\/\/cortecros.com\/hr\/wp-json\/wp\/v2\/types\/product"}],"wp:attachment":[{"href":"https:\/\/cortecros.com\/hr\/wp-json\/wp\/v2\/media?parent=3302"}],"wp:term":[{"taxonomy":"product_brand","embeddable":true,"href":"https:\/\/cortecros.com\/hr\/wp-json\/wp\/v2\/product_brand?post=3302"},{"taxonomy":"product_cat","embeddable":true,"href":"https:\/\/cortecros.com\/hr\/wp-json\/wp\/v2\/product_cat?post=3302"},{"taxonomy":"product_tag","embeddable":true,"href":"https:\/\/cortecros.com\/hr\/wp-json\/wp\/v2\/product_tag?post=3302"}],"curies":[{"name":"wp","href":"https:\/\/api.w.org\/{rel}","templated":true}]}}