{"id":3303,"date":"2017-05-16T15:47:07","date_gmt":"2017-05-16T15:47:07","guid":{"rendered":"http:\/\/cortecros.com\/product\/vpci-647-inhibitor-korozije-za-otvorene-vodene-sustave\/"},"modified":"2017-05-16T15:47:07","modified_gmt":"2017-05-16T15:47:07","slug":"vpci-647-inhibitor-korozije-za-otvorene-vodene-sustave","status":"publish","type":"product","link":"https:\/\/cortecros.com\/hr\/product\/vpci-647-inhibitor-korozije-za-otvorene-vodene-sustave\/","title":{"rendered":"VpCI-647 Inhibitor korozije za otvorene vodene sustave"},"content":{"rendered":"<p>Inhibitor korozije i sprje\u010davanje odlaganja kamenca za primjenu u otvorenim cirkuliraju\u0107im sustavima za hla\u0111enje vode.<br \/>\n<b>Pakiranje:\u00a0<\/b>19 l, ba\u010dva 208 l, kontejner 1040 l.<\/p>\n","protected":false},"excerpt":{"rendered":"<p>Inhibitor korozije i sprje\u010davanje odlaganja kamenca za primjenu u otvorenim cirkuliraju\u0107im sustavima za hla\u0111enje vode. Pakiranje:\u00a019 l, ba\u010dva 208 l, kontejner 1040 l. <a class=\"continue-reading-link\" href=\"https:\/\/cortecros.com\/hr\/product\/vpci-647-inhibitor-korozije-za-otvorene-vodene-sustave\/\">nastavi \u010ditati<\/a><\/p>\n","protected":false},"featured_media":0,"template":"","meta":{"ngg_post_thumbnail":0,"_links_to":"","_links_to_target":""},"product_brand":[],"product_cat":[34],"product_tag":[],"class_list":{"0":"post-3303","1":"product","2":"type-product","3":"status-publish","5":"product_cat-aditivi-za-ulja-obradu-voda-i-inhibitori-korozije-za-naftnu-industriju","7":"first","8":"instock","9":"shipping-taxable","10":"product-type-simple"},"_links":{"self":[{"href":"https:\/\/cortecros.com\/hr\/wp-json\/wp\/v2\/product\/3303","targetHints":{"allow":["GET"]}}],"collection":[{"href":"https:\/\/cortecros.com\/hr\/wp-json\/wp\/v2\/product"}],"about":[{"href":"https:\/\/cortecros.com\/hr\/wp-json\/wp\/v2\/types\/product"}],"wp:attachment":[{"href":"https:\/\/cortecros.com\/hr\/wp-json\/wp\/v2\/media?parent=3303"}],"wp:term":[{"taxonomy":"product_brand","embeddable":true,"href":"https:\/\/cortecros.com\/hr\/wp-json\/wp\/v2\/product_brand?post=3303"},{"taxonomy":"product_cat","embeddable":true,"href":"https:\/\/cortecros.com\/hr\/wp-json\/wp\/v2\/product_cat?post=3303"},{"taxonomy":"product_tag","embeddable":true,"href":"https:\/\/cortecros.com\/hr\/wp-json\/wp\/v2\/product_tag?post=3303"}],"curies":[{"name":"wp","href":"https:\/\/api.w.org\/{rel}","templated":true}]}}