{"id":3309,"date":"2017-05-16T14:41:54","date_gmt":"2017-05-16T14:41:54","guid":{"rendered":"http:\/\/cortecros.com\/product\/vpci-649-prah\/"},"modified":"2017-05-16T14:41:54","modified_gmt":"2017-05-16T14:41:54","slug":"vpci-649-prah","status":"publish","type":"product","link":"https:\/\/cortecros.com\/hr\/product\/vpci-649-prah\/","title":{"rendered":"VpCI\u00ae-649 Prah"},"content":{"rendered":"<p>VpCI-649 prah je jedinstvena pra\u0161kasta formulacija za za\u0161titu razli\u010ditih vrsta metala od korozije. Proizvod je dizajniran da osigura dugotrajnu za\u0161titu u otvorenim i zatvorenim rashladnim sustavima. VpCI-649 prah kombinacija je kontaktnih i hlapivih inhibitora korozije koji su netoksi\u010dni, biorazgradivi, te ne sadr\u017ee nitrite, fosfate, kromate ni te\u0161ke metale. Budu\u0107i da je ekolo\u0161ki prihvatljiv, poma\u017ee prilikom rje\u0161avanja problema vezanih uz odlaganje, osobito prilikom otpu\u0161tanja velikih koli\u010dina vode. VpCI-649 prah tako\u0111er sadr\u017ei paletu organskih inhibitora koji spre\u010davaju nastanak kamenca u cjevovodima i spremnicima.<\/p>\n<p><strong>Pakiranje:<\/strong> vodotopive vre\u0107ice od 1 kg, 22 kg i 45 kg.<\/p>\n<p>Tehni\u010dki list proizvoda (TLP)<\/p>\n<p><a href=\"https:\/\/cortecros.com\/wp-content\/uploads\/2017\/07\/VpCI-649-prah.pdf\">VpCI-649-prah<\/a><\/p>\n","protected":false},"excerpt":{"rendered":"<p>VpCI-649 prah je jedinstvena pra\u0161kasta formulacija za za\u0161titu razli\u010ditih vrsta metala od korozije. Proizvod je dizajniran da osigura dugotrajnu za\u0161titu u otvorenim i zatvorenim rashladnim sustavima. VpCI-649 prah kombinacija je kontaktnih i hlapivih inhibitora korozije koji su netoksi\u010dni, biorazgradivi, te ne sadr\u017ee nitrite, fosfate, kromate ni te\u0161ke metale. Budu\u0107i da\u2026 <a class=\"continue-reading-link\" href=\"https:\/\/cortecros.com\/hr\/product\/vpci-649-prah\/\">nastavi \u010ditati<\/a><\/p>\n","protected":false},"featured_media":0,"template":"","meta":{"ngg_post_thumbnail":0,"_links_to":"","_links_to_target":""},"product_brand":[],"product_cat":[34],"product_tag":[],"class_list":{"0":"post-3309","1":"product","2":"type-product","3":"status-publish","5":"product_cat-aditivi-za-ulja-obradu-voda-i-inhibitori-korozije-za-naftnu-industriju","7":"first","8":"instock","9":"shipping-taxable","10":"product-type-simple"},"_links":{"self":[{"href":"https:\/\/cortecros.com\/hr\/wp-json\/wp\/v2\/product\/3309","targetHints":{"allow":["GET"]}}],"collection":[{"href":"https:\/\/cortecros.com\/hr\/wp-json\/wp\/v2\/product"}],"about":[{"href":"https:\/\/cortecros.com\/hr\/wp-json\/wp\/v2\/types\/product"}],"wp:attachment":[{"href":"https:\/\/cortecros.com\/hr\/wp-json\/wp\/v2\/media?parent=3309"}],"wp:term":[{"taxonomy":"product_brand","embeddable":true,"href":"https:\/\/cortecros.com\/hr\/wp-json\/wp\/v2\/product_brand?post=3309"},{"taxonomy":"product_cat","embeddable":true,"href":"https:\/\/cortecros.com\/hr\/wp-json\/wp\/v2\/product_cat?post=3309"},{"taxonomy":"product_tag","embeddable":true,"href":"https:\/\/cortecros.com\/hr\/wp-json\/wp\/v2\/product_tag?post=3309"}],"curies":[{"name":"wp","href":"https:\/\/api.w.org\/{rel}","templated":true}]}}