{"id":33097,"date":"2022-06-30T07:16:48","date_gmt":"2022-06-30T07:16:48","guid":{"rendered":"https:\/\/cortecros.com\/?post_type=product&#038;p=33097"},"modified":"2022-06-30T07:57:32","modified_gmt":"2022-06-30T07:57:32","slug":"vpci-418-l-lm","status":"publish","type":"product","link":"https:\/\/cortecros.com\/hr\/product\/vpci-418-l-lm\/","title":{"rendered":"VpCI-418 L\/LM"},"content":{"rendered":"<p>VpCI\u00ae-418 L\/418 LM su alkalni \u010dista\u010di visoke u\u010dinkovitosti, koji ne stvaraju pjenu te su preporu\u010deni za \u010di\u0161\u0107enje u industriji, naftnim poljima te komercijalne i morske opreme. VpCI\u00ae-418 L\/418 LM dizajnirani su za upotrebu u visokotla\u010dnim \u010dista\u010dima i \u010dista\u010dima dijelova uz visoku agitaciju.<\/p>\n<p>VpCI\u00ae-418 L\/418 LM su nezapaljivi, ne sadr\u017ee nitrite i ne predstavljaju problem prilikom odlaganja, za razliku od \u010dista\u010da sa fosfatima.<\/p>\n<p>VpCI\u00ae-418 L\/418 LM  sadr\u017ee inhibitore koji \u0161tite metalne dijelove od korozije nakon \u010di\u0161\u0107enja. U\u010dinkovito uklanjaju tvrdokorne naslage te\u0161kih ugljikovodika, masti, te strojnih ulja.<\/p>\n<p>ZA\u0160TI\u0106ENI METALI<\/p>\n<p>\u2022\tUglji\u010dni \u010delik<br \/>\n\u2022\tNehr\u0111aju\u0107i \u010delik<br \/>\n\u2022\tLijevano \u017eeljezo<br \/>\n\u2022\tGalvanizirani \u010delik<br \/>\n\u2022\tMjed (<30% Zn)\n\u2022\tBakar\n\nPAKIRANJE I SKLADI\u0160TENJE\nVpCI\u00ae-418 LM i VpCI\u00ae-418 L dostupni su u kanistrima od 19 litara, ba\u010dvama od 208 litara, IBC kontejnerima.\n\nKako bi se osiguralo dobro stanje proizvoda, skladi\u0161titi u originalnom pakiranju, u zatvorenom, van direktne sun\u010deve svijetlosti pri 4-38 \u00b0C.\n\nRok trajanja: 2 godine.\n\n<a href=\"https:\/\/cortecros.com\/wp-content\/uploads\/2022\/06\/VpCI-418L_VpCI-418LM-converted.pdf\"><\/p>\n<p>TEHNI\u010cKI LIST PROIZVODA<\/a><\/p>\n","protected":false},"excerpt":{"rendered":"<p>VpCI\u00ae-418 L\/418 LM su alkalni \u010dista\u010di visoke u\u010dinkovitosti, koji ne stvaraju pjenu te su preporu\u010deni za \u010di\u0161\u0107enje u industriji, naftnim poljima te komercijalne i morske opreme. VpCI\u00ae-418 L\/418 LM dizajnirani su za upotrebu u visokotla\u010dnim \u010dista\u010dima i \u010dista\u010dima dijelova uz visoku agitaciju. VpCI\u00ae-418 L\/418 LM su nezapaljivi, ne sadr\u017ee nitrite\u2026 <a class=\"continue-reading-link\" href=\"https:\/\/cortecros.com\/hr\/product\/vpci-418-l-lm\/\">nastavi \u010ditati<\/a><\/p>\n","protected":false},"featured_media":33100,"template":"","meta":{"ngg_post_thumbnail":0,"_links_to":"","_links_to_target":""},"product_brand":[],"product_cat":[39],"product_tag":[],"class_list":{"0":"post-33097","1":"product","2":"type-product","3":"status-publish","4":"has-post-thumbnail","6":"product_cat-vpci-proizvodi-za-ciscenje-odmascivanje-i-pripremu-povrsine-metala","8":"first","9":"instock","10":"shipping-taxable","11":"product-type-simple"},"_links":{"self":[{"href":"https:\/\/cortecros.com\/hr\/wp-json\/wp\/v2\/product\/33097","targetHints":{"allow":["GET"]}}],"collection":[{"href":"https:\/\/cortecros.com\/hr\/wp-json\/wp\/v2\/product"}],"about":[{"href":"https:\/\/cortecros.com\/hr\/wp-json\/wp\/v2\/types\/product"}],"wp:featuredmedia":[{"embeddable":true,"href":"https:\/\/cortecros.com\/hr\/wp-json\/wp\/v2\/media\/33100"}],"wp:attachment":[{"href":"https:\/\/cortecros.com\/hr\/wp-json\/wp\/v2\/media?parent=33097"}],"wp:term":[{"taxonomy":"product_brand","embeddable":true,"href":"https:\/\/cortecros.com\/hr\/wp-json\/wp\/v2\/product_brand?post=33097"},{"taxonomy":"product_cat","embeddable":true,"href":"https:\/\/cortecros.com\/hr\/wp-json\/wp\/v2\/product_cat?post=33097"},{"taxonomy":"product_tag","embeddable":true,"href":"https:\/\/cortecros.com\/hr\/wp-json\/wp\/v2\/product_tag?post=33097"}],"curies":[{"name":"wp","href":"https:\/\/api.w.org\/{rel}","templated":true}]}}