{"id":3314,"date":"2017-05-16T14:41:02","date_gmt":"2017-05-16T14:41:02","guid":{"rendered":"http:\/\/cortecros.com\/product\/vpci-649-inhibitor-korozije-za-zastitu-obojenih-i-neobojenih-metala-u-zatvorenim-rashladnim-sustavima\/"},"modified":"2022-01-18T06:57:27","modified_gmt":"2022-01-18T06:57:27","slug":"vpci-649-inhibitor-korozije-za-zastitu-obojenih-i-neobojenih-metala-u-zatvorenim-rashladnim-sustavima","status":"publish","type":"product","link":"https:\/\/cortecros.com\/hr\/product\/vpci-649-inhibitor-korozije-za-zastitu-obojenih-i-neobojenih-metala-u-zatvorenim-rashladnim-sustavima\/","title":{"rendered":"VpCI-649\/VpCI-649 BD Inhibitor korozije za za\u0161titu obojenih i neobojenih metala u zatvorenim rashladnim sustavima"},"content":{"rendered":"<p>Vodotopivi inhibitor korozije za multimetalnu za\u0161titu . Preporu\u010duje se za primjenu u zatvorenim rashladnim sustavima. Djelotvoran u vrlo niskim koncentracijama. Preporu\u010duje se kao aditiv za postupak hidrotestiranja.<\/p>\n<p><strong>Pakiranje:<\/strong> 19 l, ba\u010dva 208 l, kontejner 1040 l<\/p>\n<p>Tehni\u010dki list proizvoda (TLP)<\/p>\n<p><a href=\"https:\/\/cortecros.com\/wp-content\/uploads\/2021\/10\/VpCI-649-hr.pdf\">VpCI-649<\/a><\/p>\n<p><a href=\"https:\/\/cortecros.com\/wp-content\/uploads\/2020\/05\/VpCI-649_BD-hr.pdf\">VpCI-649 BD<\/a><\/p>\n","protected":false},"excerpt":{"rendered":"<p>Vodotopivi inhibitor korozije za multimetalnu za\u0161titu . Preporu\u010duje se za primjenu u zatvorenim rashladnim sustavima. Djelotvoran u vrlo niskim koncentracijama. Preporu\u010duje se kao aditiv za postupak hidrotestiranja. Pakiranje: 19 l, ba\u010dva 208 l, kontejner 1040 l Tehni\u010dki list proizvoda (TLP) VpCI-649 VpCI-649 BD <a class=\"continue-reading-link\" href=\"https:\/\/cortecros.com\/hr\/product\/vpci-649-inhibitor-korozije-za-zastitu-obojenih-i-neobojenih-metala-u-zatvorenim-rashladnim-sustavima\/\">nastavi \u010ditati<\/a><\/p>\n","protected":false},"featured_media":29706,"template":"","meta":{"ngg_post_thumbnail":0,"_links_to":"","_links_to_target":""},"product_brand":[],"product_cat":[34],"product_tag":[],"class_list":{"0":"post-3314","1":"product","2":"type-product","3":"status-publish","4":"has-post-thumbnail","6":"product_cat-aditivi-za-ulja-obradu-voda-i-inhibitori-korozije-za-naftnu-industriju","8":"first","9":"instock","10":"shipping-taxable","11":"product-type-simple"},"_links":{"self":[{"href":"https:\/\/cortecros.com\/hr\/wp-json\/wp\/v2\/product\/3314","targetHints":{"allow":["GET"]}}],"collection":[{"href":"https:\/\/cortecros.com\/hr\/wp-json\/wp\/v2\/product"}],"about":[{"href":"https:\/\/cortecros.com\/hr\/wp-json\/wp\/v2\/types\/product"}],"wp:featuredmedia":[{"embeddable":true,"href":"https:\/\/cortecros.com\/hr\/wp-json\/wp\/v2\/media\/29706"}],"wp:attachment":[{"href":"https:\/\/cortecros.com\/hr\/wp-json\/wp\/v2\/media?parent=3314"}],"wp:term":[{"taxonomy":"product_brand","embeddable":true,"href":"https:\/\/cortecros.com\/hr\/wp-json\/wp\/v2\/product_brand?post=3314"},{"taxonomy":"product_cat","embeddable":true,"href":"https:\/\/cortecros.com\/hr\/wp-json\/wp\/v2\/product_cat?post=3314"},{"taxonomy":"product_tag","embeddable":true,"href":"https:\/\/cortecros.com\/hr\/wp-json\/wp\/v2\/product_tag?post=3314"}],"curies":[{"name":"wp","href":"https:\/\/api.w.org\/{rel}","templated":true}]}}