{"id":33141,"date":"2022-07-06T10:24:29","date_gmt":"2022-07-06T10:24:29","guid":{"rendered":"https:\/\/cortecros.com\/?post_type=product&#038;p=33141"},"modified":"2022-07-06T10:24:29","modified_gmt":"2022-07-06T10:24:29","slug":"s-8","status":"publish","type":"product","link":"https:\/\/cortecros.com\/hr\/product\/s-8\/","title":{"rendered":"S-8"},"content":{"rendered":"<p>S-8 je specijalno formuliran proizvod koji isklju\u010divo koristi sastojke navedene na FDA popisu dozvoljenih kemikalija. Pru\u017ea izvrsnu korozijsku za\u0161titu i kada se koristi pri niskim koncentracijama. Pru\u017ea za\u0161titu metala koji je uronjen u otopinu, kao i onih metalnih povr\u0161ina koje se nalaze van otopine, uz pomo\u0107 hlapivih inhibitora korozije. Ovaj proizvod je posebno koristan za za\u0161titu metalnih konzerva za hranu, prilikom procesa steriliziranja i pranja.<\/p>\n<p>S-8 sadr\u017ei netoksi\u010dan \u201ezeleni\u201c inhbitor korozije, koji stvara film, a pru\u017ea bolju za\u0161titu od konkurentnih inhibitora, zbog svoje stabilnosti i  sposobnosti da stvara tanak, ne ljepljiv, za\u0161titni film. Tako\u0111er sadr\u017ei hlapive inhibitore korozije, te je kompatibilan sa ve\u0107inom voda razli\u010ditih svojstava. S-8 je registriran u NSF programu za registraciju ne prehrambenih tvari, pod AX kategorijom, koja ozna\u010dava da je prikladan za kori\u0161tenje kao sredstvo za \u010di\u0161\u0107enje u prehrambenoj industriji ali nije namijenjen direktan kontakt sa hranom. (Reg. #148017).<\/p>\n<p><a href=\"https:\/\/cortecros.com\/wp-content\/uploads\/2022\/07\/S-8-PDS-CRO.pdf\"><br \/>\nTEHNI\u010cKI LIST PROIZVODA<\/a><\/p>\n","protected":false},"excerpt":{"rendered":"<p>S-8 je specijalno formuliran proizvod koji isklju\u010divo koristi sastojke navedene na FDA popisu dozvoljenih kemikalija. Pru\u017ea izvrsnu korozijsku za\u0161titu i kada se koristi pri niskim koncentracijama. Pru\u017ea za\u0161titu metala koji je uronjen u otopinu, kao i onih metalnih povr\u0161ina koje se nalaze van otopine, uz pomo\u0107 hlapivih inhibitora korozije. Ovaj\u2026 <a class=\"continue-reading-link\" href=\"https:\/\/cortecros.com\/hr\/product\/s-8\/\">nastavi \u010ditati<\/a><\/p>\n","protected":false},"featured_media":33144,"template":"","meta":{"ngg_post_thumbnail":0,"_links_to":"","_links_to_target":""},"product_brand":[],"product_cat":[34],"product_tag":[],"class_list":{"0":"post-33141","1":"product","2":"type-product","3":"status-publish","4":"has-post-thumbnail","6":"product_cat-aditivi-za-ulja-obradu-voda-i-inhibitori-korozije-za-naftnu-industriju","8":"first","9":"instock","10":"shipping-taxable","11":"product-type-simple"},"_links":{"self":[{"href":"https:\/\/cortecros.com\/hr\/wp-json\/wp\/v2\/product\/33141","targetHints":{"allow":["GET"]}}],"collection":[{"href":"https:\/\/cortecros.com\/hr\/wp-json\/wp\/v2\/product"}],"about":[{"href":"https:\/\/cortecros.com\/hr\/wp-json\/wp\/v2\/types\/product"}],"wp:featuredmedia":[{"embeddable":true,"href":"https:\/\/cortecros.com\/hr\/wp-json\/wp\/v2\/media\/33144"}],"wp:attachment":[{"href":"https:\/\/cortecros.com\/hr\/wp-json\/wp\/v2\/media?parent=33141"}],"wp:term":[{"taxonomy":"product_brand","embeddable":true,"href":"https:\/\/cortecros.com\/hr\/wp-json\/wp\/v2\/product_brand?post=33141"},{"taxonomy":"product_cat","embeddable":true,"href":"https:\/\/cortecros.com\/hr\/wp-json\/wp\/v2\/product_cat?post=33141"},{"taxonomy":"product_tag","embeddable":true,"href":"https:\/\/cortecros.com\/hr\/wp-json\/wp\/v2\/product_tag?post=33141"}],"curies":[{"name":"wp","href":"https:\/\/api.w.org\/{rel}","templated":true}]}}