{"id":3317,"date":"2017-05-16T14:42:34","date_gmt":"2017-05-16T14:42:34","guid":{"rendered":"http:\/\/cortecros.com\/product\/vpci-705-aditiv-za-goriva\/"},"modified":"2020-04-09T10:44:32","modified_gmt":"2020-04-09T10:44:32","slug":"vpci-705-aditiv-za-goriva","status":"publish","type":"product","link":"https:\/\/cortecros.com\/hr\/product\/vpci-705-aditiv-za-goriva\/","title":{"rendered":"VpCI\u00ae-705 Aditiv za goriva"},"content":{"rendered":"<p>Aditiv za za\u0161titu od korozije za benzin, disel, mje\u0161avine benzina i alkoholna goriva koji je istovrneno stabilizator goriva i emulgator. Topiv je u mje\u0161avinama metanola kao i u \u010distom metanolskom gorivu i benzinu. Odobreno i od strane GMC (potvrda 1066180GM EMD Devision)<\/p>\n<p><strong>Pakiranje:<\/strong> 19 l, ba\u010dva 208 l, kontejner 1040 l.<\/p>\n<p><a href=\"https:\/\/cortecros.com\/wp-content\/uploads\/2020\/04\/VpCI-705_-_new.pdf\">Tehni\u010dki list proizvoda<\/a><\/p>\n<p>&nbsp;<\/p>\n","protected":false},"excerpt":{"rendered":"<p>Aditiv za za\u0161titu od korozije za benzin, disel, mje\u0161avine benzina i alkoholna goriva koji je istovrneno stabilizator goriva i emulgator. Topiv je u mje\u0161avinama metanola kao i u \u010distom metanolskom gorivu i benzinu. Odobreno i od strane GMC (potvrda 1066180GM EMD Devision) Pakiranje: 19 l, ba\u010dva 208 l, kontejner 1040\u2026 <a class=\"continue-reading-link\" href=\"https:\/\/cortecros.com\/hr\/product\/vpci-705-aditiv-za-goriva\/\">nastavi \u010ditati<\/a><\/p>\n","protected":false},"featured_media":29355,"template":"","meta":{"ngg_post_thumbnail":0,"_links_to":"","_links_to_target":""},"product_brand":[],"product_cat":[34],"product_tag":[],"class_list":{"0":"post-3317","1":"product","2":"type-product","3":"status-publish","4":"has-post-thumbnail","6":"product_cat-aditivi-za-ulja-obradu-voda-i-inhibitori-korozije-za-naftnu-industriju","8":"first","9":"instock","10":"shipping-taxable","11":"product-type-simple"},"_links":{"self":[{"href":"https:\/\/cortecros.com\/hr\/wp-json\/wp\/v2\/product\/3317","targetHints":{"allow":["GET"]}}],"collection":[{"href":"https:\/\/cortecros.com\/hr\/wp-json\/wp\/v2\/product"}],"about":[{"href":"https:\/\/cortecros.com\/hr\/wp-json\/wp\/v2\/types\/product"}],"wp:featuredmedia":[{"embeddable":true,"href":"https:\/\/cortecros.com\/hr\/wp-json\/wp\/v2\/media\/29355"}],"wp:attachment":[{"href":"https:\/\/cortecros.com\/hr\/wp-json\/wp\/v2\/media?parent=3317"}],"wp:term":[{"taxonomy":"product_brand","embeddable":true,"href":"https:\/\/cortecros.com\/hr\/wp-json\/wp\/v2\/product_brand?post=3317"},{"taxonomy":"product_cat","embeddable":true,"href":"https:\/\/cortecros.com\/hr\/wp-json\/wp\/v2\/product_cat?post=3317"},{"taxonomy":"product_tag","embeddable":true,"href":"https:\/\/cortecros.com\/hr\/wp-json\/wp\/v2\/product_tag?post=3317"}],"curies":[{"name":"wp","href":"https:\/\/api.w.org\/{rel}","templated":true}]}}