{"id":3318,"date":"2017-05-17T18:33:13","date_gmt":"2017-05-17T18:33:13","guid":{"rendered":"http:\/\/cortecros.com\/product\/vpci-812-pasta-na-osnovi-voska\/"},"modified":"2017-05-17T18:33:13","modified_gmt":"2017-05-17T18:33:13","slug":"vpci-812-pasta-na-osnovi-voska","status":"publish","type":"product","link":"https:\/\/cortecros.com\/hr\/product\/vpci-812-pasta-na-osnovi-voska\/","title":{"rendered":"VpCI\u00ae-812 Pasta na osnovi voska"},"content":{"rendered":"<p>VpCI duga trajanja i visoka sjaja \u0161titi od UV zra\u010denja i spre\u010dava oksidaciju akrilnog stakla.<\/p>\n<p><strong>Pakiranje:<\/strong> 0.47, 4.7 i 19 l<\/p>\n","protected":false},"excerpt":{"rendered":"<p>VpCI duga trajanja i visoka sjaja \u0161titi od UV zra\u010denja i spre\u010dava oksidaciju akrilnog stakla. Pakiranje: 0.47, 4.7 i 19 l <a class=\"continue-reading-link\" href=\"https:\/\/cortecros.com\/hr\/product\/vpci-812-pasta-na-osnovi-voska\/\">nastavi \u010ditati<\/a><\/p>\n","protected":false},"featured_media":0,"template":"","meta":{"ngg_post_thumbnail":0,"_links_to":"","_links_to_target":""},"product_brand":[],"product_cat":[36],"product_tag":[],"class_list":{"0":"post-3318","1":"product","2":"type-product","3":"status-publish","5":"product_cat-vpci-premazi-za-antikorozivnu-zastitu-i-konzervaciju-metala","7":"first","8":"instock","9":"shipping-taxable","10":"product-type-simple"},"_links":{"self":[{"href":"https:\/\/cortecros.com\/hr\/wp-json\/wp\/v2\/product\/3318","targetHints":{"allow":["GET"]}}],"collection":[{"href":"https:\/\/cortecros.com\/hr\/wp-json\/wp\/v2\/product"}],"about":[{"href":"https:\/\/cortecros.com\/hr\/wp-json\/wp\/v2\/types\/product"}],"wp:attachment":[{"href":"https:\/\/cortecros.com\/hr\/wp-json\/wp\/v2\/media?parent=3318"}],"wp:term":[{"taxonomy":"product_brand","embeddable":true,"href":"https:\/\/cortecros.com\/hr\/wp-json\/wp\/v2\/product_brand?post=3318"},{"taxonomy":"product_cat","embeddable":true,"href":"https:\/\/cortecros.com\/hr\/wp-json\/wp\/v2\/product_cat?post=3318"},{"taxonomy":"product_tag","embeddable":true,"href":"https:\/\/cortecros.com\/hr\/wp-json\/wp\/v2\/product_tag?post=3318"}],"curies":[{"name":"wp","href":"https:\/\/api.w.org\/{rel}","templated":true}]}}