{"id":3319,"date":"2017-05-17T18:34:25","date_gmt":"2017-05-17T18:34:25","guid":{"rendered":"http:\/\/cortecros.com\/product\/vpci-819\/"},"modified":"2017-05-17T18:34:25","modified_gmt":"2017-05-17T18:34:25","slug":"vpci-819","status":"publish","type":"product","link":"https:\/\/cortecros.com\/hr\/product\/vpci-819\/","title":{"rendered":"VpCI\u00ae-819"},"content":{"rendered":"<p>Emulzija s inhibitorima korozije. Dobavljiva koncentrirana ili razrije\u0111ena. \u0160titi od UV zra\u010denja, oksidacije i korozije.<\/p>\n<p><strong>Pakiranje:<\/strong> 0.47, 4.7 i 19 l<\/p>\n","protected":false},"excerpt":{"rendered":"<p>Emulzija s inhibitorima korozije. Dobavljiva koncentrirana ili razrije\u0111ena. \u0160titi od UV zra\u010denja, oksidacije i korozije. Pakiranje: 0.47, 4.7 i 19 l <a class=\"continue-reading-link\" href=\"https:\/\/cortecros.com\/hr\/product\/vpci-819\/\">nastavi \u010ditati<\/a><\/p>\n","protected":false},"featured_media":17310,"template":"","meta":{"ngg_post_thumbnail":0,"_links_to":"","_links_to_target":""},"product_brand":[],"product_cat":[36],"product_tag":[],"class_list":{"0":"post-3319","1":"product","2":"type-product","3":"status-publish","4":"has-post-thumbnail","6":"product_cat-vpci-premazi-za-antikorozivnu-zastitu-i-konzervaciju-metala","8":"first","9":"instock","10":"shipping-taxable","11":"product-type-simple"},"_links":{"self":[{"href":"https:\/\/cortecros.com\/hr\/wp-json\/wp\/v2\/product\/3319","targetHints":{"allow":["GET"]}}],"collection":[{"href":"https:\/\/cortecros.com\/hr\/wp-json\/wp\/v2\/product"}],"about":[{"href":"https:\/\/cortecros.com\/hr\/wp-json\/wp\/v2\/types\/product"}],"wp:featuredmedia":[{"embeddable":true,"href":"https:\/\/cortecros.com\/hr\/wp-json\/wp\/v2\/media\/17310"}],"wp:attachment":[{"href":"https:\/\/cortecros.com\/hr\/wp-json\/wp\/v2\/media?parent=3319"}],"wp:term":[{"taxonomy":"product_brand","embeddable":true,"href":"https:\/\/cortecros.com\/hr\/wp-json\/wp\/v2\/product_brand?post=3319"},{"taxonomy":"product_cat","embeddable":true,"href":"https:\/\/cortecros.com\/hr\/wp-json\/wp\/v2\/product_cat?post=3319"},{"taxonomy":"product_tag","embeddable":true,"href":"https:\/\/cortecros.com\/hr\/wp-json\/wp\/v2\/product_tag?post=3319"}],"curies":[{"name":"wp","href":"https:\/\/api.w.org\/{rel}","templated":true}]}}