{"id":33216,"date":"2022-07-18T11:07:30","date_gmt":"2022-07-18T11:07:30","guid":{"rendered":"https:\/\/cortecros.com\/?post_type=product&#038;p=33216"},"modified":"2022-07-18T11:17:15","modified_gmt":"2022-07-18T11:17:15","slug":"biocorr-hp","status":"publish","type":"product","link":"https:\/\/cortecros.com\/hr\/product\/biocorr-hp\/","title":{"rendered":"BioCorr HP"},"content":{"rendered":"<p><strong>OPIS PROIZVODA<\/strong><br \/>\nBioCorr HP je biorazgradiva, na bazi vode za\u0161tita od korozije za konzervaciju metala na skladi\u0161tu i tijekom transporta. BioCorr HP osigurava multimetalnu za\u0161titu i odli\u010dna je ekolo\u0161ki prihvatljiva zamjena za proizvode na bazi derivata nafte. Ova formulacija spremna za upotrebu omogu\u0107uje za\u0161titu od korozije do dvije godine kod skladi\u0161tenja u zatvorenom ili tijekom transporta gdje se kombinira sa VpCI materijalima za pakiranje. Za razliku od za\u0161tite s mineralnim uljima, ovaj proizvod ostavlja suhi film na povr\u0161ini metala koji je zapravo nevidljiv.<br \/>\nOvo svojstvo omogu\u0107uje stvaranje \u010distog radnog mjesta i prevenciju za otpadni materijal. BioCorr HP nema VOC, biorazgradiv je, eliminira tro\u0161kove odstranjivanja kao \u0161to je to u slu\u010daju primjene mineralnih ulja.<\/p>\n<p><strong>PAKIRANJE I SKLADI\u0160TENJE<\/strong><br \/>\nBioCorr HP pakiran je 19-litarskim plasti\u010dnim ba\u010dvama, 208-litarskim ba\u010dvama i kontejnerima za teku\u0107ine 1040 litara . Kod skladi\u0161tenja izbjegavati smrzavanje proizvoda. Prije upotrebe dobro promije\u0161ati. Rok trajanja u originalnom pakiranju 24 mjeseca.<\/p>\n<p><a href=\"https:\/\/cortecros.com\/wp-content\/uploads\/2022\/07\/BioCorr-HP.pdf\" rel=\"noopener\" target=\"_blank\">TEHNI\u010cKI LIST &#8211; BioCorr HP<\/a><\/p>\n","protected":false},"excerpt":{"rendered":"<p>OPIS PROIZVODA BioCorr HP je biorazgradiva, na bazi vode za\u0161tita od korozije za konzervaciju metala na skladi\u0161tu i tijekom transporta. BioCorr HP osigurava multimetalnu za\u0161titu i odli\u010dna je ekolo\u0161ki prihvatljiva zamjena za proizvode na bazi derivata nafte. Ova formulacija spremna za upotrebu omogu\u0107uje za\u0161titu od korozije do dvije godine kod\u2026 <a class=\"continue-reading-link\" href=\"https:\/\/cortecros.com\/hr\/product\/biocorr-hp\/\">nastavi \u010ditati<\/a><\/p>\n","protected":false},"featured_media":33217,"template":"","meta":{"ngg_post_thumbnail":0,"_links_to":"","_links_to_target":""},"product_brand":[],"product_cat":[35,94],"product_tag":[],"class_list":{"0":"post-33216","1":"product","2":"type-product","3":"status-publish","4":"has-post-thumbnail","6":"product_cat-vpci-proizvodi-za-obradu-metala","7":"product_cat-vpci-proizvodi-za-obradu-metala-hr","9":"first","10":"instock","11":"shipping-taxable","12":"product-type-simple"},"_links":{"self":[{"href":"https:\/\/cortecros.com\/hr\/wp-json\/wp\/v2\/product\/33216","targetHints":{"allow":["GET"]}}],"collection":[{"href":"https:\/\/cortecros.com\/hr\/wp-json\/wp\/v2\/product"}],"about":[{"href":"https:\/\/cortecros.com\/hr\/wp-json\/wp\/v2\/types\/product"}],"wp:featuredmedia":[{"embeddable":true,"href":"https:\/\/cortecros.com\/hr\/wp-json\/wp\/v2\/media\/33217"}],"wp:attachment":[{"href":"https:\/\/cortecros.com\/hr\/wp-json\/wp\/v2\/media?parent=33216"}],"wp:term":[{"taxonomy":"product_brand","embeddable":true,"href":"https:\/\/cortecros.com\/hr\/wp-json\/wp\/v2\/product_brand?post=33216"},{"taxonomy":"product_cat","embeddable":true,"href":"https:\/\/cortecros.com\/hr\/wp-json\/wp\/v2\/product_cat?post=33216"},{"taxonomy":"product_tag","embeddable":true,"href":"https:\/\/cortecros.com\/hr\/wp-json\/wp\/v2\/product_tag?post=33216"}],"curies":[{"name":"wp","href":"https:\/\/api.w.org\/{rel}","templated":true}]}}