{"id":3322,"date":"2017-05-16T14:23:50","date_gmt":"2017-05-16T14:23:50","guid":{"rendered":"http:\/\/cortecros.com\/product\/vpci-tekuci-aditiv-za-parne-kupke-za-odmascivanje-ciscenje-i-skidanje-boje\/"},"modified":"2017-07-20T11:37:18","modified_gmt":"2017-07-20T11:37:18","slug":"vpci-tekuci-aditiv-za-parne-kupke-za-odmascivanje-ciscenje-i-skidanje-boje","status":"publish","type":"product","link":"https:\/\/cortecros.com\/hr\/product\/vpci-tekuci-aditiv-za-parne-kupke-za-odmascivanje-ciscenje-i-skidanje-boje\/","title":{"rendered":"VpCI\u00ae-Teku\u0107i aditiv za parne kupke za odma\u0161\u0107ivanje, \u010di\u0161\u0107enje i skidanje boje"},"content":{"rendered":"<p>Teku\u0107i koncentrirani aditiv poja\u010dava za\u0161titu crnih i nekih obojenih dijelova obradenih u parnim kupkama za odma\u0161\u0107ivanje, \u010di\u0161\u0107enje i skidanje boje kao i za konvencionalne sustave za \u010di\u0161\u0107enje i odma\u0161\u0107ivanje pomo\u0107u otapala.<br \/>\n<b>Pakiranje:<\/b>\u00a019 l i 208 l<\/p>\n<p>Tehni\u010dki list proizvoda (TLP)<\/p>\n<p><a href=\"https:\/\/cortecros.com\/wp-content\/uploads\/2017\/07\/VpCI-1238.pdf\">VpCI-1238<\/a><\/p>\n","protected":false},"excerpt":{"rendered":"<p>Teku\u0107i koncentrirani aditiv poja\u010dava za\u0161titu crnih i nekih obojenih dijelova obradenih u parnim kupkama za odma\u0161\u0107ivanje, \u010di\u0161\u0107enje i skidanje boje kao i za konvencionalne sustave za \u010di\u0161\u0107enje i odma\u0161\u0107ivanje pomo\u0107u otapala. Pakiranje:\u00a019 l i 208 l Tehni\u010dki list proizvoda (TLP) VpCI-1238 <a class=\"continue-reading-link\" href=\"https:\/\/cortecros.com\/hr\/product\/vpci-tekuci-aditiv-za-parne-kupke-za-odmascivanje-ciscenje-i-skidanje-boje\/\">nastavi \u010ditati<\/a><\/p>\n","protected":false},"featured_media":0,"template":"","meta":{"ngg_post_thumbnail":0,"_links_to":"","_links_to_target":""},"product_brand":[],"product_cat":[34,39],"product_tag":[],"class_list":{"0":"post-3322","1":"product","2":"type-product","3":"status-publish","5":"product_cat-aditivi-za-ulja-obradu-voda-i-inhibitori-korozije-za-naftnu-industriju","6":"product_cat-vpci-proizvodi-za-ciscenje-odmascivanje-i-pripremu-povrsine-metala","8":"first","9":"instock","10":"shipping-taxable","11":"product-type-simple"},"_links":{"self":[{"href":"https:\/\/cortecros.com\/hr\/wp-json\/wp\/v2\/product\/3322","targetHints":{"allow":["GET"]}}],"collection":[{"href":"https:\/\/cortecros.com\/hr\/wp-json\/wp\/v2\/product"}],"about":[{"href":"https:\/\/cortecros.com\/hr\/wp-json\/wp\/v2\/types\/product"}],"wp:attachment":[{"href":"https:\/\/cortecros.com\/hr\/wp-json\/wp\/v2\/media?parent=3322"}],"wp:term":[{"taxonomy":"product_brand","embeddable":true,"href":"https:\/\/cortecros.com\/hr\/wp-json\/wp\/v2\/product_brand?post=3322"},{"taxonomy":"product_cat","embeddable":true,"href":"https:\/\/cortecros.com\/hr\/wp-json\/wp\/v2\/product_cat?post=3322"},{"taxonomy":"product_tag","embeddable":true,"href":"https:\/\/cortecros.com\/hr\/wp-json\/wp\/v2\/product_tag?post=3322"}],"curies":[{"name":"wp","href":"https:\/\/api.w.org\/{rel}","templated":true}]}}