{"id":3325,"date":"2017-05-17T15:25:34","date_gmt":"2017-05-17T15:25:34","guid":{"rendered":"http:\/\/cortecros.com\/product\/ecoline-bio-based-all-purpose-lubricant-podmazivac-siroke-primjene\/"},"modified":"2017-05-17T15:25:34","modified_gmt":"2017-05-17T15:25:34","slug":"ecoline-bio-based-all-purpose-lubricant-podmazivac-siroke-primjene","status":"publish","type":"product","link":"https:\/\/cortecros.com\/hr\/product\/ecoline-bio-based-all-purpose-lubricant-podmazivac-siroke-primjene\/","title":{"rendered":"EcoLine \u00ae All Purpose Lubricant (podmaziva\u010d \u0161iroke primjene)"},"content":{"rendered":"<p>EcoLine\u2122 All Purpose Lubricant je podmaziva\u010d \u0161iroke primjene namijenjen za kori\u0161tenje u industriji i ku\u0107noj uporabi. Sadr\u017ei aditive za ekstremna optere\u0107enja i trenja. Siguran za kori\u0161tenje kod svih vrsta metala i ve\u0107ine plastike. EcoLine\u2122 All Purpose Lubricant odli\u010dno se pona\u0161a kod primjene na otvorenom i zatvorenom prostoru. EcoLine\u2122 All Purpose Lubricant proizveden je na bio bazi, ulje soje i metil estera soje. Metil esteri soje koriste se kao tehnologija niskog utjecaja otapala. Proizvodi na bazi soje omogu\u0107uju izvrsno podmazivanje i biorazgradivost. EcoLine\u2122 All Purpose Lubricant stvara na povr\u0161ini metala za\u0161titni sloj inhibitora korozije (VpCI). Proizvod posjeduje vodopravnu dozvolu: UPI\/II-034-03\/06-02\/000893. Izvje\u0161\u0107e o biolo\u0161koj razgradljivosti Zavoda za javno zdravstvo grada Zagreba: 05502 58\/2006.<\/p>\n<p><strong>Pakiranje:<\/strong> Aerosol 200 ml, Eco sprej 400 ml, 19-litarskim plasti\u010dnim ba\u010dvama, 208-litarskim metalnim ba\u010dvama, kontejnerima za teku\u0107ine 1040 litara.<\/p>\n<p>Tehni\u010dki list proizvoda (TLP)<\/p>\n<p><a href=\"https:\/\/cortecros.com\/wp-content\/uploads\/2017\/07\/EcoLine-All-Purpose-Lubricant.pdf\">EcoLine All Purpose Lubricant<\/a><\/p>\n","protected":false},"excerpt":{"rendered":"<p>EcoLine\u2122 All Purpose Lubricant je podmaziva\u010d \u0161iroke primjene namijenjen za kori\u0161tenje u industriji i ku\u0107noj uporabi. Sadr\u017ei aditive za ekstremna optere\u0107enja i trenja. Siguran za kori\u0161tenje kod svih vrsta metala i ve\u0107ine plastike. EcoLine\u2122 All Purpose Lubricant odli\u010dno se pona\u0161a kod primjene na otvorenom i zatvorenom prostoru. EcoLine\u2122 All Purpose\u2026 <a class=\"continue-reading-link\" href=\"https:\/\/cortecros.com\/hr\/product\/ecoline-bio-based-all-purpose-lubricant-podmazivac-siroke-primjene\/\">nastavi \u010ditati<\/a><\/p>\n","protected":false},"featured_media":0,"template":"","meta":{"ngg_post_thumbnail":0,"_links_to":"","_links_to_target":""},"product_brand":[],"product_cat":[35,41],"product_tag":[],"class_list":{"0":"post-3325","1":"product","2":"type-product","3":"status-publish","5":"product_cat-vpci-proizvodi-za-obradu-metala","6":"product_cat-vpci-ulja-i-masti","8":"first","9":"instock","10":"shipping-taxable","11":"product-type-simple"},"_links":{"self":[{"href":"https:\/\/cortecros.com\/hr\/wp-json\/wp\/v2\/product\/3325","targetHints":{"allow":["GET"]}}],"collection":[{"href":"https:\/\/cortecros.com\/hr\/wp-json\/wp\/v2\/product"}],"about":[{"href":"https:\/\/cortecros.com\/hr\/wp-json\/wp\/v2\/types\/product"}],"wp:attachment":[{"href":"https:\/\/cortecros.com\/hr\/wp-json\/wp\/v2\/media?parent=3325"}],"wp:term":[{"taxonomy":"product_brand","embeddable":true,"href":"https:\/\/cortecros.com\/hr\/wp-json\/wp\/v2\/product_brand?post=3325"},{"taxonomy":"product_cat","embeddable":true,"href":"https:\/\/cortecros.com\/hr\/wp-json\/wp\/v2\/product_cat?post=3325"},{"taxonomy":"product_tag","embeddable":true,"href":"https:\/\/cortecros.com\/hr\/wp-json\/wp\/v2\/product_tag?post=3325"}],"curies":[{"name":"wp","href":"https:\/\/api.w.org\/{rel}","templated":true}]}}