{"id":3328,"date":"2017-05-17T15:28:25","date_gmt":"2017-05-17T15:28:25","guid":{"rendered":"http:\/\/cortecros.com\/product\/ecoline-cutting-fluid\/"},"modified":"2017-05-17T15:28:25","modified_gmt":"2017-05-17T15:28:25","slug":"ecoline-cutting-fluid","status":"publish","type":"product","link":"https:\/\/cortecros.com\/hr\/product\/ecoline-cutting-fluid\/","title":{"rendered":"EcoLine<sup>\u00ae<\/sup>  Cutting Fluid"},"content":{"rendered":"<p>EcoLine Cutting Fluid multifunkcionalam biorazgradivi koncentrat za hla\u0111enje podmazivanje i za\u0161titu od korozije u procesima obrade metala.<br \/>\nKod obrade metala ova teku\u0107ina za hla\u0111enje sprje\u010dava svarivanje metala i alata, te pru\u017ea odli\u010dnu za\u0161titu od korozije i podmazivanje tijekom procesa obrade metala.<br \/>\nZbog svojih odli\u010dnih svojstava EcoLine Cutting Fluid idealan je i pogodan za procese rezanja metala pod te\u0161kim uvjetima, glodanja, okretanja, bu\u0161enja, savijanja i za druge strojne operacije.<br \/>\nKada se koristi s vodom u odnosu 1:40 do 1:20, EcoLine Cutting Fluid daje stabilnu emilziju koja osigurava odli\u010dno hla\u0111enje i malo ili bez dima tjekom obrade metala. Ovaj koncentrat mo\u017ee biti kori\u0161ten u vrlo malim koli\u0107inama, te na taj na\u0107in pru\u017ea smanjenju tro\u0161kova.<br \/>\nKada se koristi direktno EcoLine Cutting Fluid pru\u017ea za\u0161titu od korozije tijekom skladi\u0161tenja i transporta do 12 mjeseci<\/p>\n<p><strong>Pakiranje:<\/strong> 19 l i 208 l i kontejner 1040l<\/p>\n<p><a href=\"https:\/\/cortecros.com\/wp-content\/uploads\/2017\/07\/EcoLine-Cutting-Fluid.pdf\">EcoLine Cutting Fluid<\/a><\/p>\n","protected":false},"excerpt":{"rendered":"<p>EcoLine Cutting Fluid multifunkcionalam biorazgradivi koncentrat za hla\u0111enje podmazivanje i za\u0161titu od korozije u procesima obrade metala. Kod obrade metala ova teku\u0107ina za hla\u0111enje sprje\u010dava svarivanje metala i alata, te pru\u017ea odli\u010dnu za\u0161titu od korozije i podmazivanje tijekom procesa obrade metala. Zbog svojih odli\u010dnih svojstava EcoLine Cutting Fluid idealan je\u2026 <a class=\"continue-reading-link\" href=\"https:\/\/cortecros.com\/hr\/product\/ecoline-cutting-fluid\/\">nastavi \u010ditati<\/a><\/p>\n","protected":false},"featured_media":0,"template":"","meta":{"ngg_post_thumbnail":0,"_links_to":"","_links_to_target":""},"product_brand":[],"product_cat":[35,41,43],"product_tag":[],"class_list":{"0":"post-3328","1":"product","2":"type-product","3":"status-publish","5":"product_cat-vpci-proizvodi-za-obradu-metala","6":"product_cat-vpci-ulja-i-masti","7":"product_cat-eco-line-proizvodi-sprejevi","9":"first","10":"instock","11":"shipping-taxable","12":"product-type-simple"},"_links":{"self":[{"href":"https:\/\/cortecros.com\/hr\/wp-json\/wp\/v2\/product\/3328","targetHints":{"allow":["GET"]}}],"collection":[{"href":"https:\/\/cortecros.com\/hr\/wp-json\/wp\/v2\/product"}],"about":[{"href":"https:\/\/cortecros.com\/hr\/wp-json\/wp\/v2\/types\/product"}],"wp:attachment":[{"href":"https:\/\/cortecros.com\/hr\/wp-json\/wp\/v2\/media?parent=3328"}],"wp:term":[{"taxonomy":"product_brand","embeddable":true,"href":"https:\/\/cortecros.com\/hr\/wp-json\/wp\/v2\/product_brand?post=3328"},{"taxonomy":"product_cat","embeddable":true,"href":"https:\/\/cortecros.com\/hr\/wp-json\/wp\/v2\/product_cat?post=3328"},{"taxonomy":"product_tag","embeddable":true,"href":"https:\/\/cortecros.com\/hr\/wp-json\/wp\/v2\/product_tag?post=3328"}],"curies":[{"name":"wp","href":"https:\/\/api.w.org\/{rel}","templated":true}]}}