{"id":3331,"date":"2017-05-17T15:23:19","date_gmt":"2017-05-17T15:23:19","guid":{"rendered":"http:\/\/cortecros.com\/product\/ecoline-3220\/"},"modified":"2017-05-17T15:23:19","modified_gmt":"2017-05-17T15:23:19","slug":"ecoline-3220","status":"publish","type":"product","link":"https:\/\/cortecros.com\/hr\/product\/ecoline-3220\/","title":{"rendered":"EcoLine \u00ae 3220"},"content":{"rendered":"<p>EcoLine 3220 je uzbudljiv dodatak na\u0161oj liniji biorazgradljivih proizvoda napravljenih od obnovljivih izvora.<br \/>\nEcoLine 3220 je 100% bio baza, premaz spreman za upotrebu. EcoLine 3220 osigurava multimetalnu za\u0161titu<br \/>\ni sposobnost podmazivanja u razli\u010ditim primjenama.<br \/>\n<b>Pakiranje:<\/b>\u00a019 litara plasti\u010dni kanistri i 208 litara metalne ba\u010dve.<\/p>\n<p>Tehni\u010dki list proizvoda (TLP)<\/p>\n<p><a href=\"https:\/\/cortecros.com\/wp-content\/uploads\/2017\/07\/EcoLine-3220.pdf\">EcoLine 3220<\/a><\/p>\n","protected":false},"excerpt":{"rendered":"<p>EcoLine 3220 je uzbudljiv dodatak na\u0161oj liniji biorazgradljivih proizvoda napravljenih od obnovljivih izvora. EcoLine 3220 je 100% bio baza, premaz spreman za upotrebu. EcoLine 3220 osigurava multimetalnu za\u0161titu i sposobnost podmazivanja u razli\u010ditim primjenama. Pakiranje:\u00a019 litara plasti\u010dni kanistri i 208 litara metalne ba\u010dve. Tehni\u010dki list proizvoda (TLP) EcoLine 3220 <a class=\"continue-reading-link\" href=\"https:\/\/cortecros.com\/hr\/product\/ecoline-3220\/\">nastavi \u010ditati<\/a><\/p>\n","protected":false},"featured_media":0,"template":"","meta":{"ngg_post_thumbnail":0,"_links_to":"","_links_to_target":""},"product_brand":[],"product_cat":[35,43],"product_tag":[],"class_list":{"0":"post-3331","1":"product","2":"type-product","3":"status-publish","5":"product_cat-vpci-proizvodi-za-obradu-metala","6":"product_cat-eco-line-proizvodi-sprejevi","8":"first","9":"instock","10":"shipping-taxable","11":"product-type-simple"},"_links":{"self":[{"href":"https:\/\/cortecros.com\/hr\/wp-json\/wp\/v2\/product\/3331","targetHints":{"allow":["GET"]}}],"collection":[{"href":"https:\/\/cortecros.com\/hr\/wp-json\/wp\/v2\/product"}],"about":[{"href":"https:\/\/cortecros.com\/hr\/wp-json\/wp\/v2\/types\/product"}],"wp:attachment":[{"href":"https:\/\/cortecros.com\/hr\/wp-json\/wp\/v2\/media?parent=3331"}],"wp:term":[{"taxonomy":"product_brand","embeddable":true,"href":"https:\/\/cortecros.com\/hr\/wp-json\/wp\/v2\/product_brand?post=3331"},{"taxonomy":"product_cat","embeddable":true,"href":"https:\/\/cortecros.com\/hr\/wp-json\/wp\/v2\/product_cat?post=3331"},{"taxonomy":"product_tag","embeddable":true,"href":"https:\/\/cortecros.com\/hr\/wp-json\/wp\/v2\/product_tag?post=3331"}],"curies":[{"name":"wp","href":"https:\/\/api.w.org\/{rel}","templated":true}]}}