{"id":33326,"date":"2022-08-17T09:45:20","date_gmt":"2022-08-17T09:45:20","guid":{"rendered":"https:\/\/cortecros.com\/?post_type=product&#038;p=33326"},"modified":"2022-08-17T09:46:17","modified_gmt":"2022-08-17T09:46:17","slug":"mci-2020-mci-2020-v-o","status":"publish","type":"product","link":"https:\/\/cortecros.com\/hr\/product\/mci-2020-mci-2020-v-o\/","title":{"rendered":"MCI-2020\/ MCI-2020 V\/O"},"content":{"rendered":"<p><span class=\"fontstyle0\">MCI-2020 je namijenjen za povr\u0161insku primijenjenu. Sadr\u017ei migriraju\u010de inhibitore korozije koji migriraju kroz cementne materijale uklju\u010duju\u0107i beton, mort, i vapnenac. MCI-2020 migrira kroz obje faze, teku\u0107inu i u parnoj fazi kroz strukturu pora, formiraju\u0107i za\u0161titni, molekularni sloj na ugra\u0111enoj armature betona. MCI-2020 pru\u017ea za\u0161titu od korozije uslijed karbonizacije, zbog prisustva klorida i drugih<br \/>\nkontaminanti. MCI-2020 V\/O je gel verzija MCI-2020 koja je posebno dizajnirana za primjenu na vertikalnim i kosim povr\u0161inama.<\/span><\/p>\n<p><b>Pakiranje:<\/b><span class=\"fontstyle0\">MCI-2020 i MCI-2020 V\/O dostupni su u kanistrima od 19 litara, ba\u010dvama od 208 litara i IBC kontejnerima od 1000 litara.<\/span><b><br \/>\n<\/b><br \/>\n<a href=\"https:\/\/cortecros.com\/wp-content\/uploads\/2022\/08\/MCI-2020-MCI-2020-VO-PDS.pdf\"><strong>Tehni\u010dki list proizvoda<\/strong><\/a><\/p>\n","protected":false},"excerpt":{"rendered":"<p>MCI-2020 je namijenjen za povr\u0161insku primijenjenu. Sadr\u017ei migriraju\u010de inhibitore korozije koji migriraju kroz cementne materijale uklju\u010duju\u0107i beton, mort, i vapnenac. MCI-2020 migrira kroz obje faze, teku\u0107inu i u parnoj fazi kroz strukturu pora, formiraju\u0107i za\u0161titni, molekularni sloj na ugra\u0111enoj armature betona. MCI-2020 pru\u017ea za\u0161titu od korozije uslijed karbonizacije, zbog prisustva\u2026 <a class=\"continue-reading-link\" href=\"https:\/\/cortecros.com\/hr\/product\/mci-2020-mci-2020-v-o\/\">nastavi \u010ditati<\/a><\/p>\n","protected":false},"featured_media":33329,"template":"","meta":{"ngg_post_thumbnail":0,"_links_to":"","_links_to_target":""},"product_brand":[],"product_cat":[42],"product_tag":[],"class_list":{"0":"post-33326","1":"product","2":"type-product","3":"status-publish","4":"has-post-thumbnail","6":"product_cat-mci-proizvodi-za-graditeljstvo","8":"first","9":"instock","10":"shipping-taxable","11":"product-type-simple"},"_links":{"self":[{"href":"https:\/\/cortecros.com\/hr\/wp-json\/wp\/v2\/product\/33326","targetHints":{"allow":["GET"]}}],"collection":[{"href":"https:\/\/cortecros.com\/hr\/wp-json\/wp\/v2\/product"}],"about":[{"href":"https:\/\/cortecros.com\/hr\/wp-json\/wp\/v2\/types\/product"}],"wp:featuredmedia":[{"embeddable":true,"href":"https:\/\/cortecros.com\/hr\/wp-json\/wp\/v2\/media\/33329"}],"wp:attachment":[{"href":"https:\/\/cortecros.com\/hr\/wp-json\/wp\/v2\/media?parent=33326"}],"wp:term":[{"taxonomy":"product_brand","embeddable":true,"href":"https:\/\/cortecros.com\/hr\/wp-json\/wp\/v2\/product_brand?post=33326"},{"taxonomy":"product_cat","embeddable":true,"href":"https:\/\/cortecros.com\/hr\/wp-json\/wp\/v2\/product_cat?post=33326"},{"taxonomy":"product_tag","embeddable":true,"href":"https:\/\/cortecros.com\/hr\/wp-json\/wp\/v2\/product_tag?post=33326"}],"curies":[{"name":"wp","href":"https:\/\/api.w.org\/{rel}","templated":true}]}}