{"id":3337,"date":"2017-05-17T16:17:06","date_gmt":"2017-05-17T16:17:06","guid":{"rendered":"http:\/\/cortecros.com\/product\/vpci-316-tekuci-koncentrat-za-bakar-i-mjed\/"},"modified":"2017-05-17T16:17:06","modified_gmt":"2017-05-17T16:17:06","slug":"vpci-316-tekuci-koncentrat-za-bakar-i-mjed","status":"publish","type":"product","link":"https:\/\/cortecros.com\/hr\/product\/vpci-316-tekuci-koncentrat-za-bakar-i-mjed\/","title":{"rendered":"VpCI\u00ae-316 Teku\u0107i koncentrat za bakar i mjed"},"content":{"rendered":"<p>Sinteti\u010dki inhibitor na vodenoj osnovi, formuliran za bakar i mjed. Ostavlja proziran podmazuju\u0107i film. Film se sam opravlja i otporan je na ogrebotine.<br \/>\n<b>Pakiranje:\u00a0<\/b>19 l i 208 l<\/p>\n<p>Tehni\u010dki list proizvoda (TLP)<\/p>\n<p><a href=\"https:\/\/cortecros.com\/wp-content\/uploads\/2017\/07\/VpCI-316.pdf\">VpCI-316<\/a><\/p>\n","protected":false},"excerpt":{"rendered":"<p>Sinteti\u010dki inhibitor na vodenoj osnovi, formuliran za bakar i mjed. Ostavlja proziran podmazuju\u0107i film. Film se sam opravlja i otporan je na ogrebotine. Pakiranje:\u00a019 l i 208 l Tehni\u010dki list proizvoda (TLP) VpCI-316 <a class=\"continue-reading-link\" href=\"https:\/\/cortecros.com\/hr\/product\/vpci-316-tekuci-koncentrat-za-bakar-i-mjed\/\">nastavi \u010ditati<\/a><\/p>\n","protected":false},"featured_media":30903,"template":"","meta":{"ngg_post_thumbnail":0,"_links_to":"","_links_to_target":""},"product_brand":[],"product_cat":[35],"product_tag":[],"class_list":{"0":"post-3337","1":"product","2":"type-product","3":"status-publish","4":"has-post-thumbnail","6":"product_cat-vpci-proizvodi-za-obradu-metala","8":"first","9":"instock","10":"shipping-taxable","11":"product-type-simple"},"_links":{"self":[{"href":"https:\/\/cortecros.com\/hr\/wp-json\/wp\/v2\/product\/3337","targetHints":{"allow":["GET"]}}],"collection":[{"href":"https:\/\/cortecros.com\/hr\/wp-json\/wp\/v2\/product"}],"about":[{"href":"https:\/\/cortecros.com\/hr\/wp-json\/wp\/v2\/types\/product"}],"wp:featuredmedia":[{"embeddable":true,"href":"https:\/\/cortecros.com\/hr\/wp-json\/wp\/v2\/media\/30903"}],"wp:attachment":[{"href":"https:\/\/cortecros.com\/hr\/wp-json\/wp\/v2\/media?parent=3337"}],"wp:term":[{"taxonomy":"product_brand","embeddable":true,"href":"https:\/\/cortecros.com\/hr\/wp-json\/wp\/v2\/product_brand?post=3337"},{"taxonomy":"product_cat","embeddable":true,"href":"https:\/\/cortecros.com\/hr\/wp-json\/wp\/v2\/product_cat?post=3337"},{"taxonomy":"product_tag","embeddable":true,"href":"https:\/\/cortecros.com\/hr\/wp-json\/wp\/v2\/product_tag?post=3337"}],"curies":[{"name":"wp","href":"https:\/\/api.w.org\/{rel}","templated":true}]}}