{"id":3340,"date":"2017-05-17T16:19:18","date_gmt":"2017-05-17T16:19:18","guid":{"rendered":"http:\/\/cortecros.com\/product\/vpci-322-koncentrirani-aditiv-za-ulja\/"},"modified":"2019-12-19T07:37:31","modified_gmt":"2019-12-19T07:37:31","slug":"vpci-322-koncentrirani-aditiv-za-ulja","status":"publish","type":"product","link":"https:\/\/cortecros.com\/hr\/product\/vpci-322-koncentrirani-aditiv-za-ulja\/","title":{"rendered":"VpCI\u00ae-322 Koncentrirani aditiv za ulja"},"content":{"rendered":"<p>Teku\u0107i koncentrat koji poja\u010dava za\u0161titu od korozije u sustavima podmazivanja i hidraulike. Na raspolaganju u superkoncentriranom stanju (mo\u017ee se razrijediti). Odgovara MIL-P-46002 B i MIL-C-16173D (329). Odobreno od FDA (329F).<br \/>\n<b>Pakiranje:<\/b>\u00a019 l i 208 l.<\/p>\n<p>Tehni\u010dki list proizvoda (TLP)<\/p>\n<p><a href=\"https:\/\/cortecros.com\/wp-content\/uploads\/2019\/12\/VpCI-322Coretcros.pdf\">VpCI-322<\/a><\/p>\n","protected":false},"excerpt":{"rendered":"<p>Teku\u0107i koncentrat koji poja\u010dava za\u0161titu od korozije u sustavima podmazivanja i hidraulike. Na raspolaganju u superkoncentriranom stanju (mo\u017ee se razrijediti). Odgovara MIL-P-46002 B i MIL-C-16173D (329). Odobreno od FDA (329F). Pakiranje:\u00a019 l i 208 l. Tehni\u010dki list proizvoda (TLP) VpCI-322 <a class=\"continue-reading-link\" href=\"https:\/\/cortecros.com\/hr\/product\/vpci-322-koncentrirani-aditiv-za-ulja\/\">nastavi \u010ditati<\/a><\/p>\n","protected":false},"featured_media":0,"template":"","meta":{"ngg_post_thumbnail":0,"_links_to":"","_links_to_target":""},"product_brand":[],"product_cat":[35,41],"product_tag":[],"class_list":{"0":"post-3340","1":"product","2":"type-product","3":"status-publish","5":"product_cat-vpci-proizvodi-za-obradu-metala","6":"product_cat-vpci-ulja-i-masti","8":"first","9":"instock","10":"shipping-taxable","11":"product-type-simple"},"_links":{"self":[{"href":"https:\/\/cortecros.com\/hr\/wp-json\/wp\/v2\/product\/3340","targetHints":{"allow":["GET"]}}],"collection":[{"href":"https:\/\/cortecros.com\/hr\/wp-json\/wp\/v2\/product"}],"about":[{"href":"https:\/\/cortecros.com\/hr\/wp-json\/wp\/v2\/types\/product"}],"wp:attachment":[{"href":"https:\/\/cortecros.com\/hr\/wp-json\/wp\/v2\/media?parent=3340"}],"wp:term":[{"taxonomy":"product_brand","embeddable":true,"href":"https:\/\/cortecros.com\/hr\/wp-json\/wp\/v2\/product_brand?post=3340"},{"taxonomy":"product_cat","embeddable":true,"href":"https:\/\/cortecros.com\/hr\/wp-json\/wp\/v2\/product_cat?post=3340"},{"taxonomy":"product_tag","embeddable":true,"href":"https:\/\/cortecros.com\/hr\/wp-json\/wp\/v2\/product_tag?post=3340"}],"curies":[{"name":"wp","href":"https:\/\/api.w.org\/{rel}","templated":true}]}}