{"id":3343,"date":"2017-05-17T16:22:08","date_gmt":"2017-05-17T16:22:08","guid":{"rendered":"http:\/\/cortecros.com\/product\/vpci-323-dodatak-motornim-uljima\/"},"modified":"2017-05-17T16:22:08","modified_gmt":"2017-05-17T16:22:08","slug":"vpci-323-dodatak-motornim-uljima","status":"publish","type":"product","link":"https:\/\/cortecros.com\/hr\/product\/vpci-323-dodatak-motornim-uljima\/","title":{"rendered":"VpCI\u00ae-323 Dodatak motornim uljima"},"content":{"rendered":"<p>Uljni koncentrat, koristi se kao dodatak sustavima za podmazivanje motora, a prikladan je i za konzervaciju metalnih dijelova. Pro\u017ea za\u0161titu u kontaktu i kroz djelovanje hlapljivog inhibitora korozije. Dostupan je i u verziji s povi\u0161enim plami\u0161tem (VpCI.323M).<br \/>\n<b>Pakiranje:<\/b>\u00a019 l kanister i 208 l ba\u010dva<\/p>\n<p>Tehni\u010dki list proizvoda (TLP)<\/p>\n<p><a href=\"https:\/\/cortecros.com\/wp-content\/uploads\/2017\/07\/VpCI-323.pdf\">VpCI-323<\/a><\/p>\n","protected":false},"excerpt":{"rendered":"<p>Uljni koncentrat, koristi se kao dodatak sustavima za podmazivanje motora, a prikladan je i za konzervaciju metalnih dijelova. Pro\u017ea za\u0161titu u kontaktu i kroz djelovanje hlapljivog inhibitora korozije. Dostupan je i u verziji s povi\u0161enim plami\u0161tem (VpCI.323M). Pakiranje:\u00a019 l kanister i 208 l ba\u010dva Tehni\u010dki list proizvoda (TLP) VpCI-323 <a class=\"continue-reading-link\" href=\"https:\/\/cortecros.com\/hr\/product\/vpci-323-dodatak-motornim-uljima\/\">nastavi \u010ditati<\/a><\/p>\n","protected":false},"featured_media":0,"template":"","meta":{"ngg_post_thumbnail":0,"_links_to":"","_links_to_target":""},"product_brand":[],"product_cat":[35],"product_tag":[],"class_list":{"0":"post-3343","1":"product","2":"type-product","3":"status-publish","5":"product_cat-vpci-proizvodi-za-obradu-metala","7":"first","8":"instock","9":"shipping-taxable","10":"product-type-simple"},"_links":{"self":[{"href":"https:\/\/cortecros.com\/hr\/wp-json\/wp\/v2\/product\/3343","targetHints":{"allow":["GET"]}}],"collection":[{"href":"https:\/\/cortecros.com\/hr\/wp-json\/wp\/v2\/product"}],"about":[{"href":"https:\/\/cortecros.com\/hr\/wp-json\/wp\/v2\/types\/product"}],"wp:attachment":[{"href":"https:\/\/cortecros.com\/hr\/wp-json\/wp\/v2\/media?parent=3343"}],"wp:term":[{"taxonomy":"product_brand","embeddable":true,"href":"https:\/\/cortecros.com\/hr\/wp-json\/wp\/v2\/product_brand?post=3343"},{"taxonomy":"product_cat","embeddable":true,"href":"https:\/\/cortecros.com\/hr\/wp-json\/wp\/v2\/product_cat?post=3343"},{"taxonomy":"product_tag","embeddable":true,"href":"https:\/\/cortecros.com\/hr\/wp-json\/wp\/v2\/product_tag?post=3343"}],"curies":[{"name":"wp","href":"https:\/\/api.w.org\/{rel}","templated":true}]}}