{"id":3346,"date":"2017-05-17T16:23:53","date_gmt":"2017-05-17T16:23:53","guid":{"rendered":"http:\/\/cortecros.com\/product\/vpci-325-ulje-za-zastitu-u-zatvorenim-prostorima\/"},"modified":"2023-02-28T09:55:36","modified_gmt":"2023-02-28T09:55:36","slug":"vpci-325-ulje-za-zastitu-u-zatvorenim-prostorima","status":"publish","type":"product","link":"https:\/\/cortecros.com\/hr\/product\/vpci-325-ulje-za-zastitu-u-zatvorenim-prostorima\/","title":{"rendered":"VpCI\u00ae-325 CC Ulje za za\u0161titu u zatvorenim prostorima"},"content":{"rendered":"<p>VpCI\u00ae-325 CC je proizvod za za\u0161titu od korozije na bazi biljnog ulja\/otapala, odmah spreman za kori\u0161tenje. Namijenjen je kori\u0161tenju u \u0161irokom rasponu aplikacija, koje uklju\u010duju za\u0161titu metalnih limova, \u017eica, cijevi, prirubnica i ostalih proizvedenih ili obra\u0111enih metalnih dijelova, oru\u017eja i mnogih drugih proizvoda. VpCI\u00ae-325 CC \u0161titi od korozije i slu\u017ei kao izvrstan podmaziva\u010d koji u\u010dinkovito djeluje \u010dak i u nepovoljnim uvjetima visoke relativne vlage i u prisutnosti korozivnih spojeva kao \u0161to su kloridi, sumporovodik i ostali sumporovi spojevi. VpCI\u00ae-325 CC je baziran na biorazgradivom ulju biljnog podrijetla. VpCI\u00ae-325 CC stvara za\u0161titni sloj na povr\u0161ini metala i djeluje na dva na\u010dina: prvo, stvara izdr\u017eljivi sloj uljno topivih inhibitora korozije koji \u010dvrsto prianja na metalnu povr\u0161inu. VpCI\u00ae-325 CC tako\u0111er u potpunosti istiskuje vlagu sa povr\u0161ine metala sprje\u010davaju\u0107i koroziju.<\/p>\n<p><b>Pakiranje i skladi\u0161tenje:<\/b>&nbsp;VpCI\u00ae-325 CC pakiran je u kanistre od 19 litara, ba\u010dve od 208 litara, IBC kontejnere i bulk pakiranje. Ovaj proizvod se mora skladi\u0161titi dobro zatvoren. Dobro promije\u0161ati prije svake upotrebe. Rok trajanja je do 24 mjeseca.<\/p>\n<p><a href=\"https:\/\/cortecros.com\/wp-content\/uploads\/2022\/07\/VpCI-325-CC-PDS-Croatian-1.pdf\">TEHNI\u010cKI LIST PROIZVODA<\/a><\/p>\n<p>&nbsp;<\/p>\n","protected":false},"excerpt":{"rendered":"<p>VpCI\u00ae-325 CC je proizvod za za\u0161titu od korozije na bazi biljnog ulja\/otapala, odmah spreman za kori\u0161tenje. Namijenjen je kori\u0161tenju u \u0161irokom rasponu aplikacija, koje uklju\u010duju za\u0161titu metalnih limova, \u017eica, cijevi, prirubnica i ostalih proizvedenih ili obra\u0111enih metalnih dijelova, oru\u017eja i mnogih drugih proizvoda. VpCI\u00ae-325 CC \u0161titi od korozije i slu\u017ei\u2026 <a class=\"continue-reading-link\" href=\"https:\/\/cortecros.com\/hr\/product\/vpci-325-ulje-za-zastitu-u-zatvorenim-prostorima\/\">nastavi \u010ditati<\/a><\/p>\n","protected":false},"featured_media":33147,"template":"","meta":{"ngg_post_thumbnail":0,"_links_to":"","_links_to_target":""},"product_brand":[],"product_cat":[35],"product_tag":[],"class_list":{"0":"post-3346","1":"product","2":"type-product","3":"status-publish","4":"has-post-thumbnail","6":"product_cat-vpci-proizvodi-za-obradu-metala","8":"first","9":"instock","10":"shipping-taxable","11":"product-type-simple"},"_links":{"self":[{"href":"https:\/\/cortecros.com\/hr\/wp-json\/wp\/v2\/product\/3346","targetHints":{"allow":["GET"]}}],"collection":[{"href":"https:\/\/cortecros.com\/hr\/wp-json\/wp\/v2\/product"}],"about":[{"href":"https:\/\/cortecros.com\/hr\/wp-json\/wp\/v2\/types\/product"}],"wp:featuredmedia":[{"embeddable":true,"href":"https:\/\/cortecros.com\/hr\/wp-json\/wp\/v2\/media\/33147"}],"wp:attachment":[{"href":"https:\/\/cortecros.com\/hr\/wp-json\/wp\/v2\/media?parent=3346"}],"wp:term":[{"taxonomy":"product_brand","embeddable":true,"href":"https:\/\/cortecros.com\/hr\/wp-json\/wp\/v2\/product_brand?post=3346"},{"taxonomy":"product_cat","embeddable":true,"href":"https:\/\/cortecros.com\/hr\/wp-json\/wp\/v2\/product_cat?post=3346"},{"taxonomy":"product_tag","embeddable":true,"href":"https:\/\/cortecros.com\/hr\/wp-json\/wp\/v2\/product_tag?post=3346"}],"curies":[{"name":"wp","href":"https:\/\/api.w.org\/{rel}","templated":true}]}}