{"id":3349,"date":"2017-05-16T14:25:46","date_gmt":"2017-05-16T14:25:46","guid":{"rendered":"http:\/\/cortecros.com\/product\/vpci-326-koncentrirani-aditiv-za-ulja\/"},"modified":"2017-05-16T14:25:46","modified_gmt":"2017-05-16T14:25:46","slug":"vpci-326-koncentrirani-aditiv-za-ulja","status":"publish","type":"product","link":"https:\/\/cortecros.com\/hr\/product\/vpci-326-koncentrirani-aditiv-za-ulja\/","title":{"rendered":"VpCI\u00ae-326 Koncentrirani aditiv za ulja"},"content":{"rendered":"<p>Teku\u0107i koncentrat koji poja\u010dava za\u0161titu od korozije u sustavima podmazivanja i hidraulike. Na raspolaganju u superkoncentriranom stanju (mo\u017ee se razrijediti). Odgovara MIL-P-46002 B i MIL-C-16173D (329). Odobreno od FDA (329F).<br \/>\n<b>Pakiranje:<\/b>\u00a019 l i 208 l.<\/p>\n<p>Tehni\u010dki list proizvoda (TLP)<\/p>\n<p><a href=\"https:\/\/cortecros.com\/wp-content\/uploads\/2017\/07\/VpCI-326.pdf\">VpCI-326<\/a><\/p>\n","protected":false},"excerpt":{"rendered":"<p>Teku\u0107i koncentrat koji poja\u010dava za\u0161titu od korozije u sustavima podmazivanja i hidraulike. Na raspolaganju u superkoncentriranom stanju (mo\u017ee se razrijediti). Odgovara MIL-P-46002 B i MIL-C-16173D (329). Odobreno od FDA (329F). Pakiranje:\u00a019 l i 208 l. Tehni\u010dki list proizvoda (TLP) VpCI-326 <a class=\"continue-reading-link\" href=\"https:\/\/cortecros.com\/hr\/product\/vpci-326-koncentrirani-aditiv-za-ulja\/\">nastavi \u010ditati<\/a><\/p>\n","protected":false},"featured_media":0,"template":"","meta":{"ngg_post_thumbnail":0,"_links_to":"","_links_to_target":""},"product_brand":[],"product_cat":[34,35,41],"product_tag":[],"class_list":{"0":"post-3349","1":"product","2":"type-product","3":"status-publish","5":"product_cat-aditivi-za-ulja-obradu-voda-i-inhibitori-korozije-za-naftnu-industriju","6":"product_cat-vpci-proizvodi-za-obradu-metala","7":"product_cat-vpci-ulja-i-masti","9":"first","10":"instock","11":"shipping-taxable","12":"product-type-simple"},"_links":{"self":[{"href":"https:\/\/cortecros.com\/hr\/wp-json\/wp\/v2\/product\/3349","targetHints":{"allow":["GET"]}}],"collection":[{"href":"https:\/\/cortecros.com\/hr\/wp-json\/wp\/v2\/product"}],"about":[{"href":"https:\/\/cortecros.com\/hr\/wp-json\/wp\/v2\/types\/product"}],"wp:attachment":[{"href":"https:\/\/cortecros.com\/hr\/wp-json\/wp\/v2\/media?parent=3349"}],"wp:term":[{"taxonomy":"product_brand","embeddable":true,"href":"https:\/\/cortecros.com\/hr\/wp-json\/wp\/v2\/product_brand?post=3349"},{"taxonomy":"product_cat","embeddable":true,"href":"https:\/\/cortecros.com\/hr\/wp-json\/wp\/v2\/product_cat?post=3349"},{"taxonomy":"product_tag","embeddable":true,"href":"https:\/\/cortecros.com\/hr\/wp-json\/wp\/v2\/product_tag?post=3349"}],"curies":[{"name":"wp","href":"https:\/\/api.w.org\/{rel}","templated":true}]}}