{"id":3352,"date":"2017-05-17T16:27:26","date_gmt":"2017-05-17T16:27:26","guid":{"rendered":"http:\/\/cortecros.com\/product\/vpci-327-koncentrat-za-zastitu-metala\/"},"modified":"2020-04-09T11:25:36","modified_gmt":"2020-04-09T11:25:36","slug":"vpci-327-koncentrat-za-zastitu-metala","status":"publish","type":"product","link":"https:\/\/cortecros.com\/hr\/product\/vpci-327-koncentrat-za-zastitu-metala\/","title":{"rendered":"VpCI\u00ae-327 Koncentrat za za\u0161titu metala"},"content":{"rendered":"<p>VpCI-327 premaz s inhibitorom korozije na bazi otapala, odmah spreman za uporabu koji pru\u017ea za\u0161titu od korozije na dva jedinstvena na\u010dina. VpCI-327 ostavlja vrlo tanak film koji i \u010disti povr\u0161inu metala, pru\u017eaju\u0107i odli\u010dnu kontakt za\u0161titu protiv korozije. Kao dodatnu za\u0161titu tom tankom filmu , VCI \u2013 327 posjeduje inhibitor korozije koja stvara dodatnu barijernu za\u0161titnu na povr\u0161ini metala. Kombinacija filma i za\u0161titne inhibitora korozije VpCI-327 osigurava potpunu anti-korozivnu za\u0161titu metalnih dijelova koji bi ina\u010de tijekom skladi\u0161tenja i rada korodirali. VCI \u2013 327 vrlo je ekonomi\u010dan zbog mogu\u0107nosti velikog prekrivanja metalnih povr\u0161ina. Ostavlja suhi do polu-suhi tip filma.<br \/>\n<b>Pakiranje:<\/b>\u00a019 l i 208 l.<\/p>\n<p><a href=\"https:\/\/cortecros.com\/wp-content\/uploads\/2020\/04\/VpCI-327-new.pdf\">Tehni\u010dki list proizvoda<\/a><\/p>\n","protected":false},"excerpt":{"rendered":"<p>VpCI-327 premaz s inhibitorom korozije na bazi otapala, odmah spreman za uporabu koji pru\u017ea za\u0161titu od korozije na dva jedinstvena na\u010dina. VpCI-327 ostavlja vrlo tanak film koji i \u010disti povr\u0161inu metala, pru\u017eaju\u0107i odli\u010dnu kontakt za\u0161titu protiv korozije. Kao dodatnu za\u0161titu tom tankom filmu , VCI \u2013 327 posjeduje inhibitor korozije\u2026 <a class=\"continue-reading-link\" href=\"https:\/\/cortecros.com\/hr\/product\/vpci-327-koncentrat-za-zastitu-metala\/\">nastavi \u010ditati<\/a><\/p>\n","protected":false},"featured_media":29365,"template":"","meta":{"ngg_post_thumbnail":0,"_links_to":"","_links_to_target":""},"product_brand":[],"product_cat":[35],"product_tag":[],"class_list":{"0":"post-3352","1":"product","2":"type-product","3":"status-publish","4":"has-post-thumbnail","6":"product_cat-vpci-proizvodi-za-obradu-metala","8":"first","9":"instock","10":"shipping-taxable","11":"product-type-simple"},"_links":{"self":[{"href":"https:\/\/cortecros.com\/hr\/wp-json\/wp\/v2\/product\/3352","targetHints":{"allow":["GET"]}}],"collection":[{"href":"https:\/\/cortecros.com\/hr\/wp-json\/wp\/v2\/product"}],"about":[{"href":"https:\/\/cortecros.com\/hr\/wp-json\/wp\/v2\/types\/product"}],"wp:featuredmedia":[{"embeddable":true,"href":"https:\/\/cortecros.com\/hr\/wp-json\/wp\/v2\/media\/29365"}],"wp:attachment":[{"href":"https:\/\/cortecros.com\/hr\/wp-json\/wp\/v2\/media?parent=3352"}],"wp:term":[{"taxonomy":"product_brand","embeddable":true,"href":"https:\/\/cortecros.com\/hr\/wp-json\/wp\/v2\/product_brand?post=3352"},{"taxonomy":"product_cat","embeddable":true,"href":"https:\/\/cortecros.com\/hr\/wp-json\/wp\/v2\/product_cat?post=3352"},{"taxonomy":"product_tag","embeddable":true,"href":"https:\/\/cortecros.com\/hr\/wp-json\/wp\/v2\/product_tag?post=3352"}],"curies":[{"name":"wp","href":"https:\/\/api.w.org\/{rel}","templated":true}]}}