{"id":3355,"date":"2017-05-17T16:31:51","date_gmt":"2017-05-17T16:31:51","guid":{"rendered":"http:\/\/cortecros.com\/product\/vpci-329-koncentrirani-aditiv-za-ulja\/"},"modified":"2020-01-02T11:36:11","modified_gmt":"2020-01-02T11:36:11","slug":"vpci-329-koncentrirani-aditiv-za-ulja","status":"publish","type":"product","link":"https:\/\/cortecros.com\/hr\/product\/vpci-329-koncentrirani-aditiv-za-ulja\/","title":{"rendered":"VpCI\u00ae-329 Koncentrirani aditiv za ulja"},"content":{"rendered":"<p>VpCI\u00ae-329 je koncentrirani inhibitor korozije na bazi ulja. Koristi se u uljima za podmazivanje, hidrauli\u010dkim uljima i uljima za konzerviranje i pru\u017ea izvrsnu za\u0161titu u zatvorenim prostorima i natklonjenim otvorenim prostorima. VpCI\u00ae-329 pru\u017ea za\u0161titu na dva jedinstvena na\u010dina: stvaraju\u0107i izdr\u017eljiv film koji \u010dvrsto prianja za povr\u0161inu metala te osloba\u0111aju\u0107i plinoviti inhibitor korozije u zrak iznad ulja, koji kondenzira i stvara za\u0161titnu barijeru na metalnim povr\u0161inama koje nisu u doticaju s uljem. Ova kombinacija inhibitorskog djelovanja pru\u017ea kompletnu za\u0161titu unutra\u0161njih dijelova sustava.<\/p>\n<p><b>Pakiranje:\u00a0<\/b>19 l i 208 l.<\/p>\n<p>Tehni\u010dki list proizvoda (TLP)<\/p>\n<p><a href=\"https:\/\/cortecros.com\/wp-content\/uploads\/2020\/01\/VpCI-329-PDS.pdf\">VpCI-329<\/a><\/p>\n<p><a href=\"https:\/\/cortecros.com\/wp-content\/uploads\/2020\/01\/VpCI-329DCortecros.pdf\">VpCI-329 D<\/a><\/p>\n","protected":false},"excerpt":{"rendered":"<p>VpCI\u00ae-329 je koncentrirani inhibitor korozije na bazi ulja. Koristi se u uljima za podmazivanje, hidrauli\u010dkim uljima i uljima za konzerviranje i pru\u017ea izvrsnu za\u0161titu u zatvorenim prostorima i natklonjenim otvorenim prostorima. VpCI\u00ae-329 pru\u017ea za\u0161titu na dva jedinstvena na\u010dina: stvaraju\u0107i izdr\u017eljiv film koji \u010dvrsto prianja za povr\u0161inu metala te osloba\u0111aju\u0107i plinoviti\u2026 <a class=\"continue-reading-link\" href=\"https:\/\/cortecros.com\/hr\/product\/vpci-329-koncentrirani-aditiv-za-ulja\/\">nastavi \u010ditati<\/a><\/p>\n","protected":false},"featured_media":8645,"template":"","meta":{"ngg_post_thumbnail":0,"_links_to":"","_links_to_target":""},"product_brand":[],"product_cat":[35,41],"product_tag":[],"class_list":{"0":"post-3355","1":"product","2":"type-product","3":"status-publish","4":"has-post-thumbnail","6":"product_cat-vpci-proizvodi-za-obradu-metala","7":"product_cat-vpci-ulja-i-masti","9":"first","10":"instock","11":"shipping-taxable","12":"product-type-simple"},"_links":{"self":[{"href":"https:\/\/cortecros.com\/hr\/wp-json\/wp\/v2\/product\/3355","targetHints":{"allow":["GET"]}}],"collection":[{"href":"https:\/\/cortecros.com\/hr\/wp-json\/wp\/v2\/product"}],"about":[{"href":"https:\/\/cortecros.com\/hr\/wp-json\/wp\/v2\/types\/product"}],"wp:featuredmedia":[{"embeddable":true,"href":"https:\/\/cortecros.com\/hr\/wp-json\/wp\/v2\/media\/8645"}],"wp:attachment":[{"href":"https:\/\/cortecros.com\/hr\/wp-json\/wp\/v2\/media?parent=3355"}],"wp:term":[{"taxonomy":"product_brand","embeddable":true,"href":"https:\/\/cortecros.com\/hr\/wp-json\/wp\/v2\/product_brand?post=3355"},{"taxonomy":"product_cat","embeddable":true,"href":"https:\/\/cortecros.com\/hr\/wp-json\/wp\/v2\/product_cat?post=3355"},{"taxonomy":"product_tag","embeddable":true,"href":"https:\/\/cortecros.com\/hr\/wp-json\/wp\/v2\/product_tag?post=3355"}],"curies":[{"name":"wp","href":"https:\/\/api.w.org\/{rel}","templated":true}]}}