{"id":3358,"date":"2017-05-17T16:37:16","date_gmt":"2017-05-17T16:37:16","guid":{"rendered":"http:\/\/cortecros.com\/product\/vpci-337-tekuci-koncentrat\/"},"modified":"2017-05-17T16:37:16","modified_gmt":"2017-05-17T16:37:16","slug":"vpci-337-tekuci-koncentrat","status":"publish","type":"product","link":"https:\/\/cortecros.com\/hr\/product\/vpci-337-tekuci-koncentrat\/","title":{"rendered":"VpCI\u00ae-337 Teku\u0107i koncentrat"},"content":{"rendered":"<p>Teku\u0107i koncentrat za multimetalnu za\u0161titu. Stvara suh, neljepiv film. Prskati ili zamagljivati. Pru\u017ea odli\u010dnu za\u0161titu kada se koristi kao spray kod skladi\u0161tenja ili prekomorskog transporta opreme ili dijelova.<br \/>\n<b>Pakiranje:<\/b>\u00a019 l i 208 l. Dostupan u verziji Eco Air<\/p>\n<p>Tehni\u010dki list proizvoda (TLP)<\/p>\n<p><a href=\"https:\/\/cortecros.com\/wp-content\/uploads\/2017\/07\/VpCI-337.pdf\">VpCI-337<\/a><\/p>\n","protected":false},"excerpt":{"rendered":"<p>Teku\u0107i koncentrat za multimetalnu za\u0161titu. Stvara suh, neljepiv film. Prskati ili zamagljivati. Pru\u017ea odli\u010dnu za\u0161titu kada se koristi kao spray kod skladi\u0161tenja ili prekomorskog transporta opreme ili dijelova. Pakiranje:\u00a019 l i 208 l. Dostupan u verziji Eco Air Tehni\u010dki list proizvoda (TLP) VpCI-337 <a class=\"continue-reading-link\" href=\"https:\/\/cortecros.com\/hr\/product\/vpci-337-tekuci-koncentrat\/\">nastavi \u010ditati<\/a><\/p>\n","protected":false},"featured_media":3183,"template":"","meta":{"ngg_post_thumbnail":0,"_links_to":"","_links_to_target":""},"product_brand":[],"product_cat":[35],"product_tag":[],"class_list":{"0":"post-3358","1":"product","2":"type-product","3":"status-publish","4":"has-post-thumbnail","6":"product_cat-vpci-proizvodi-za-obradu-metala","8":"first","9":"instock","10":"shipping-taxable","11":"product-type-simple"},"_links":{"self":[{"href":"https:\/\/cortecros.com\/hr\/wp-json\/wp\/v2\/product\/3358","targetHints":{"allow":["GET"]}}],"collection":[{"href":"https:\/\/cortecros.com\/hr\/wp-json\/wp\/v2\/product"}],"about":[{"href":"https:\/\/cortecros.com\/hr\/wp-json\/wp\/v2\/types\/product"}],"wp:featuredmedia":[{"embeddable":true,"href":"https:\/\/cortecros.com\/hr\/wp-json\/wp\/v2\/media\/3183"}],"wp:attachment":[{"href":"https:\/\/cortecros.com\/hr\/wp-json\/wp\/v2\/media?parent=3358"}],"wp:term":[{"taxonomy":"product_brand","embeddable":true,"href":"https:\/\/cortecros.com\/hr\/wp-json\/wp\/v2\/product_brand?post=3358"},{"taxonomy":"product_cat","embeddable":true,"href":"https:\/\/cortecros.com\/hr\/wp-json\/wp\/v2\/product_cat?post=3358"},{"taxonomy":"product_tag","embeddable":true,"href":"https:\/\/cortecros.com\/hr\/wp-json\/wp\/v2\/product_tag?post=3358"}],"curies":[{"name":"wp","href":"https:\/\/api.w.org\/{rel}","templated":true}]}}