{"id":3359,"date":"2017-05-17T16:40:09","date_gmt":"2017-05-17T16:40:09","guid":{"rendered":"http:\/\/cortecros.com\/product\/vpci-338-tekucina-s-inhibitorom-korozije\/"},"modified":"2017-05-17T16:40:09","modified_gmt":"2017-05-17T16:40:09","slug":"vpci-338-tekucina-s-inhibitorom-korozije","status":"publish","type":"product","link":"https:\/\/cortecros.com\/hr\/product\/vpci-338-tekucina-s-inhibitorom-korozije\/","title":{"rendered":"VpCI\u00ae-338 Teku\u0107ina s inhibitorom korozije"},"content":{"rendered":"<p>Teku\u0107ina na bazi vode s inhibitorom korozije odli\u010dna je za pojedina\u010dno tretiranje cijevi i limova. \u0160titi crne metale, aluminij u tankim limovima. Posjeduje FDA odobrenje za indirektni kontakt s hranom. Dostupan kao super koncentrat (VpCI-338SC).<br \/>\n<b>Pakiranje:<\/b>\u00a019 l kanister, 208 l ba\u010dva<\/p>\n","protected":false},"excerpt":{"rendered":"<p>Teku\u0107ina na bazi vode s inhibitorom korozije odli\u010dna je za pojedina\u010dno tretiranje cijevi i limova. \u0160titi crne metale, aluminij u tankim limovima. Posjeduje FDA odobrenje za indirektni kontakt s hranom. Dostupan kao super koncentrat (VpCI-338SC). Pakiranje:\u00a019 l kanister, 208 l ba\u010dva <a class=\"continue-reading-link\" href=\"https:\/\/cortecros.com\/hr\/product\/vpci-338-tekucina-s-inhibitorom-korozije\/\">nastavi \u010ditati<\/a><\/p>\n","protected":false},"featured_media":0,"template":"","meta":{"ngg_post_thumbnail":0,"_links_to":"","_links_to_target":""},"product_brand":[],"product_cat":[35],"product_tag":[],"class_list":{"0":"post-3359","1":"product","2":"type-product","3":"status-publish","5":"product_cat-vpci-proizvodi-za-obradu-metala","7":"first","8":"instock","9":"shipping-taxable","10":"product-type-simple"},"_links":{"self":[{"href":"https:\/\/cortecros.com\/hr\/wp-json\/wp\/v2\/product\/3359","targetHints":{"allow":["GET"]}}],"collection":[{"href":"https:\/\/cortecros.com\/hr\/wp-json\/wp\/v2\/product"}],"about":[{"href":"https:\/\/cortecros.com\/hr\/wp-json\/wp\/v2\/types\/product"}],"wp:attachment":[{"href":"https:\/\/cortecros.com\/hr\/wp-json\/wp\/v2\/media?parent=3359"}],"wp:term":[{"taxonomy":"product_brand","embeddable":true,"href":"https:\/\/cortecros.com\/hr\/wp-json\/wp\/v2\/product_brand?post=3359"},{"taxonomy":"product_cat","embeddable":true,"href":"https:\/\/cortecros.com\/hr\/wp-json\/wp\/v2\/product_cat?post=3359"},{"taxonomy":"product_tag","embeddable":true,"href":"https:\/\/cortecros.com\/hr\/wp-json\/wp\/v2\/product_tag?post=3359"}],"curies":[{"name":"wp","href":"https:\/\/api.w.org\/{rel}","templated":true}]}}