{"id":3362,"date":"2017-05-17T16:42:06","date_gmt":"2017-05-17T16:42:06","guid":{"rendered":"http:\/\/cortecros.com\/product\/vpci-340-clp\/"},"modified":"2021-08-09T11:14:02","modified_gmt":"2021-08-09T11:14:02","slug":"vpci-340-clp","status":"publish","type":"product","link":"https:\/\/cortecros.com\/hr\/product\/vpci-340-clp\/","title":{"rendered":"VpCI\u00ae-340 CLP"},"content":{"rendered":"<p>Cortec VpCI-340 CLP jedinstvena je formulacija sa vi\u0161estrukim funkcijama: \u010di\u0161\u0107enje, odstranjivanje vode,<br \/>\nomogu\u0107uje lako rastavljanje slo\u017eenih mehanizama, podmazivanje i za\u0161tita metala.<br \/>\nCortec VpCI-340 CLP mo\u017ee se koristiti za unutarnje i vanjske primjene. U skladu je sa MIL-L-63460E<br \/>\nspecifikacijom za &#8220;Podmaziva\u010d, \u010dista\u010d i konzervans za oru\u017eje i oru\u017eane sustave.&#8221;<br \/>\n<b>Pakiranje:<\/b>\u00a019 l kanistri, 208 l ba\u010dve<br \/>\nTako\u0111er je dostupan i kao Eco spray 470 ml.<\/p>\n<p>Tehni\u010dki list proizvoda (TLP)<\/p>\n<p><a href=\"https:\/\/cortecros.com\/wp-content\/uploads\/2021\/08\/VpCI-340_CLP_CROATIAN.pdf\">VpCI-340 CLP<\/a><\/p>\n","protected":false},"excerpt":{"rendered":"<p>Cortec VpCI-340 CLP jedinstvena je formulacija sa vi\u0161estrukim funkcijama: \u010di\u0161\u0107enje, odstranjivanje vode, omogu\u0107uje lako rastavljanje slo\u017eenih mehanizama, podmazivanje i za\u0161tita metala. Cortec VpCI-340 CLP mo\u017ee se koristiti za unutarnje i vanjske primjene. U skladu je sa MIL-L-63460E specifikacijom za &#8220;Podmaziva\u010d, \u010dista\u010d i konzervans za oru\u017eje i oru\u017eane sustave.&#8221; Pakiranje:\u00a019 l\u2026 <a class=\"continue-reading-link\" href=\"https:\/\/cortecros.com\/hr\/product\/vpci-340-clp\/\">nastavi \u010ditati<\/a><\/p>\n","protected":false},"featured_media":0,"template":"","meta":{"ngg_post_thumbnail":0,"_links_to":"","_links_to_target":""},"product_brand":[],"product_cat":[35],"product_tag":[],"class_list":{"0":"post-3362","1":"product","2":"type-product","3":"status-publish","5":"product_cat-vpci-proizvodi-za-obradu-metala","7":"first","8":"instock","9":"shipping-taxable","10":"product-type-simple"},"_links":{"self":[{"href":"https:\/\/cortecros.com\/hr\/wp-json\/wp\/v2\/product\/3362","targetHints":{"allow":["GET"]}}],"collection":[{"href":"https:\/\/cortecros.com\/hr\/wp-json\/wp\/v2\/product"}],"about":[{"href":"https:\/\/cortecros.com\/hr\/wp-json\/wp\/v2\/types\/product"}],"wp:attachment":[{"href":"https:\/\/cortecros.com\/hr\/wp-json\/wp\/v2\/media?parent=3362"}],"wp:term":[{"taxonomy":"product_brand","embeddable":true,"href":"https:\/\/cortecros.com\/hr\/wp-json\/wp\/v2\/product_brand?post=3362"},{"taxonomy":"product_cat","embeddable":true,"href":"https:\/\/cortecros.com\/hr\/wp-json\/wp\/v2\/product_cat?post=3362"},{"taxonomy":"product_tag","embeddable":true,"href":"https:\/\/cortecros.com\/hr\/wp-json\/wp\/v2\/product_tag?post=3362"}],"curies":[{"name":"wp","href":"https:\/\/api.w.org\/{rel}","templated":true}]}}