{"id":3365,"date":"2017-05-17T16:43:29","date_gmt":"2017-05-17T16:43:29","guid":{"rendered":"http:\/\/cortecros.com\/product\/vpci-344-rashladivac-i-podmazivac\/"},"modified":"2017-07-20T12:23:31","modified_gmt":"2017-07-20T12:23:31","slug":"vpci-344-rashladivac-i-podmazivac","status":"publish","type":"product","link":"https:\/\/cortecros.com\/hr\/product\/vpci-344-rashladivac-i-podmazivac\/","title":{"rendered":"VpCI\u00ae-344 Rashla\u0111iva\u010d i podmaziva\u010d"},"content":{"rendered":"<p>Koncentrat, inhibitor korozije i lubrikant za vla\u017eno kaljenje galvaniziranog i hladno valjanog \u010delika, za proces pre\u0161anja limova, proizvodnju cijevi i strojnih dijelova.<br \/>\n<b>Pakiranje:<\/b>\u00a019 l kanister i 208 l ba\u010dva<\/p>\n<p>Tehni\u010dki list proizvoda (TLP)<\/p>\n<p><a href=\"https:\/\/cortecros.com\/wp-content\/uploads\/2017\/07\/VpCI-344.pdf\">VpCI-344<\/a><\/p>\n","protected":false},"excerpt":{"rendered":"<p>Koncentrat, inhibitor korozije i lubrikant za vla\u017eno kaljenje galvaniziranog i hladno valjanog \u010delika, za proces pre\u0161anja limova, proizvodnju cijevi i strojnih dijelova. Pakiranje:\u00a019 l kanister i 208 l ba\u010dva Tehni\u010dki list proizvoda (TLP) VpCI-344 <a class=\"continue-reading-link\" href=\"https:\/\/cortecros.com\/hr\/product\/vpci-344-rashladivac-i-podmazivac\/\">nastavi \u010ditati<\/a><\/p>\n","protected":false},"featured_media":0,"template":"","meta":{"ngg_post_thumbnail":0,"_links_to":"","_links_to_target":""},"product_brand":[],"product_cat":[35,41],"product_tag":[],"class_list":{"0":"post-3365","1":"product","2":"type-product","3":"status-publish","5":"product_cat-vpci-proizvodi-za-obradu-metala","6":"product_cat-vpci-ulja-i-masti","8":"first","9":"instock","10":"shipping-taxable","11":"product-type-simple"},"_links":{"self":[{"href":"https:\/\/cortecros.com\/hr\/wp-json\/wp\/v2\/product\/3365","targetHints":{"allow":["GET"]}}],"collection":[{"href":"https:\/\/cortecros.com\/hr\/wp-json\/wp\/v2\/product"}],"about":[{"href":"https:\/\/cortecros.com\/hr\/wp-json\/wp\/v2\/types\/product"}],"wp:attachment":[{"href":"https:\/\/cortecros.com\/hr\/wp-json\/wp\/v2\/media?parent=3365"}],"wp:term":[{"taxonomy":"product_brand","embeddable":true,"href":"https:\/\/cortecros.com\/hr\/wp-json\/wp\/v2\/product_brand?post=3365"},{"taxonomy":"product_cat","embeddable":true,"href":"https:\/\/cortecros.com\/hr\/wp-json\/wp\/v2\/product_cat?post=3365"},{"taxonomy":"product_tag","embeddable":true,"href":"https:\/\/cortecros.com\/hr\/wp-json\/wp\/v2\/product_tag?post=3365"}],"curies":[{"name":"wp","href":"https:\/\/api.w.org\/{rel}","templated":true}]}}