{"id":3368,"date":"2017-05-17T16:45:12","date_gmt":"2017-05-17T16:45:12","guid":{"rendered":"http:\/\/cortecros.com\/product\/vpci-345-polusintetitcki-rashladivac-i-podmazivac\/"},"modified":"2017-05-17T16:45:12","modified_gmt":"2017-05-17T16:45:12","slug":"vpci-345-polusintetitcki-rashladivac-i-podmazivac","status":"publish","type":"product","link":"https:\/\/cortecros.com\/hr\/product\/vpci-345-polusintetitcki-rashladivac-i-podmazivac\/","title":{"rendered":"VpCI\u00ae-345 Polusintetit\u010dki rashla\u0111iva\u010d i podmaziva\u010d"},"content":{"rendered":"<p>VpCI-345 je koncentrat na bazi vode namijenjen za hla\u0111enje, podmazivanje i za\u0161titu od korozije u procesima pre\u0161anja, proizvodnje cijevi i metalne opreme. Kada se koristi u koncentracijama do 50% pru\u017ea za\u0161titu od korozije i do dvije godine tijekom skladi\u0161tenja u zatvorenom ili transporta. Vrlo je pogodan za za\u0161titu fino obra\u0111enih metalnih dijelova i povr\u0161ina. VpCI-345 zamjenjuje ulja i polusintetska ulja za primjene gdje su potrebni ekstremni tlakovi, maksimalna hla\u0111enja i stabilnost prema koroziji. Proizvod je otporan na kvarenje i napade bakterija. VpCI-345 je efikasno rashladno sredstvo u strojevima za obradu metala .<br \/>\n<b>Pakiranje:<\/b>\u00a019 l kanister i 208 l ba\u010dva<\/p>\n<p>Tehni\u010dki list proizvoda (TLP)<\/p>\n<p><a href=\"https:\/\/cortecros.com\/wp-content\/uploads\/2017\/07\/VpCI-345.pdf\">VpCI-345<\/a><\/p>\n","protected":false},"excerpt":{"rendered":"<p>VpCI-345 je koncentrat na bazi vode namijenjen za hla\u0111enje, podmazivanje i za\u0161titu od korozije u procesima pre\u0161anja, proizvodnje cijevi i metalne opreme. Kada se koristi u koncentracijama do 50% pru\u017ea za\u0161titu od korozije i do dvije godine tijekom skladi\u0161tenja u zatvorenom ili transporta. Vrlo je pogodan za za\u0161titu fino obra\u0111enih\u2026 <a class=\"continue-reading-link\" href=\"https:\/\/cortecros.com\/hr\/product\/vpci-345-polusintetitcki-rashladivac-i-podmazivac\/\">nastavi \u010ditati<\/a><\/p>\n","protected":false},"featured_media":28701,"template":"","meta":{"ngg_post_thumbnail":0,"_links_to":"","_links_to_target":""},"product_brand":[],"product_cat":[35,41],"product_tag":[],"class_list":{"0":"post-3368","1":"product","2":"type-product","3":"status-publish","4":"has-post-thumbnail","6":"product_cat-vpci-proizvodi-za-obradu-metala","7":"product_cat-vpci-ulja-i-masti","9":"first","10":"instock","11":"shipping-taxable","12":"product-type-simple"},"_links":{"self":[{"href":"https:\/\/cortecros.com\/hr\/wp-json\/wp\/v2\/product\/3368","targetHints":{"allow":["GET"]}}],"collection":[{"href":"https:\/\/cortecros.com\/hr\/wp-json\/wp\/v2\/product"}],"about":[{"href":"https:\/\/cortecros.com\/hr\/wp-json\/wp\/v2\/types\/product"}],"wp:featuredmedia":[{"embeddable":true,"href":"https:\/\/cortecros.com\/hr\/wp-json\/wp\/v2\/media\/28701"}],"wp:attachment":[{"href":"https:\/\/cortecros.com\/hr\/wp-json\/wp\/v2\/media?parent=3368"}],"wp:term":[{"taxonomy":"product_brand","embeddable":true,"href":"https:\/\/cortecros.com\/hr\/wp-json\/wp\/v2\/product_brand?post=3368"},{"taxonomy":"product_cat","embeddable":true,"href":"https:\/\/cortecros.com\/hr\/wp-json\/wp\/v2\/product_cat?post=3368"},{"taxonomy":"product_tag","embeddable":true,"href":"https:\/\/cortecros.com\/hr\/wp-json\/wp\/v2\/product_tag?post=3368"}],"curies":[{"name":"wp","href":"https:\/\/api.w.org\/{rel}","templated":true}]}}