{"id":33687,"date":"2022-11-21T12:06:52","date_gmt":"2022-11-21T12:06:52","guid":{"rendered":"https:\/\/cortecros.com\/?post_type=product&#038;p=33687"},"modified":"2022-11-21T12:06:52","modified_gmt":"2022-11-21T12:06:52","slug":"bionetix-bcp-85","status":"publish","type":"product","link":"https:\/\/cortecros.com\/hr\/product\/bionetix-bcp-85\/","title":{"rendered":"Bionetix BCP-85"},"content":{"rendered":"<p>OPIS PROIZVODA<br \/>\nBCP je mje\u0161avina bakterija, kvasca, enzima i hranjivih tvari za ubrzanje i optimizaciju degradacije ku\u0107anskog i poljoprivrednog organskog otpada koji se koristi u postupku kompostiranja. Brojni mikroorganizmi i hrnjive tvari su izabrane za ovaj proizvod kako bi se obogatio otpadni materijal koji se razgra\u0111uje, a tako\u0111er kako bi se desilo oboga\u0107eno gnojivo iz procesa kompostiranja.<\/p>\n<p>PAKIRANJE:<br \/>\n400x28g ( 10kg spremnik); 200x56g (11.2kg spremnik); 40x250g (11.2kg spremnik) &#8211; vodotopive vre\u0107ice, mogu\u010dnost pakiranja na veliko, te pakiranja u ambala\u017eu klijenta.<\/p>\n<p>ROK TRAJANJA:<br \/>\n12 mjeseci<\/p>\n<p>SKLADI\u0160TENJE:<br \/>\nNE SMRZAVATI! Izbjegavati udisanje praha. Izbjegavati pretherani kontakt s ko\u017eom. Pogledati sigurnosno-tehni\u010dki list.<\/p>\n<p><a href=\"https:\/\/cortecros.com\/wp-content\/uploads\/2022\/11\/Bionetix-BCP85-Compost-Accelerator.pdf\">TEHNI\u010cKI LIST PROIZVODA<\/a><\/p>\n","protected":false},"excerpt":{"rendered":"<p>OPIS PROIZVODA BCP je mje\u0161avina bakterija, kvasca, enzima i hranjivih tvari za ubrzanje i optimizaciju degradacije ku\u0107anskog i poljoprivrednog organskog otpada koji se koristi u postupku kompostiranja. Brojni mikroorganizmi i hrnjive tvari su izabrane za ovaj proizvod kako bi se obogatio otpadni materijal koji se razgra\u0111uje, a tako\u0111er kako bi\u2026 <a class=\"continue-reading-link\" href=\"https:\/\/cortecros.com\/hr\/product\/bionetix-bcp-85\/\">nastavi \u010ditati<\/a><\/p>\n","protected":false},"featured_media":33690,"template":"","meta":{"ngg_post_thumbnail":0,"_links_to":"","_links_to_target":""},"product_brand":[],"product_cat":[111],"product_tag":[],"class_list":{"0":"post-33687","1":"product","2":"type-product","3":"status-publish","4":"has-post-thumbnail","6":"product_cat-biostimulansi","8":"first","9":"instock","10":"shipping-taxable","11":"product-type-simple"},"_links":{"self":[{"href":"https:\/\/cortecros.com\/hr\/wp-json\/wp\/v2\/product\/33687","targetHints":{"allow":["GET"]}}],"collection":[{"href":"https:\/\/cortecros.com\/hr\/wp-json\/wp\/v2\/product"}],"about":[{"href":"https:\/\/cortecros.com\/hr\/wp-json\/wp\/v2\/types\/product"}],"wp:featuredmedia":[{"embeddable":true,"href":"https:\/\/cortecros.com\/hr\/wp-json\/wp\/v2\/media\/33690"}],"wp:attachment":[{"href":"https:\/\/cortecros.com\/hr\/wp-json\/wp\/v2\/media?parent=33687"}],"wp:term":[{"taxonomy":"product_brand","embeddable":true,"href":"https:\/\/cortecros.com\/hr\/wp-json\/wp\/v2\/product_brand?post=33687"},{"taxonomy":"product_cat","embeddable":true,"href":"https:\/\/cortecros.com\/hr\/wp-json\/wp\/v2\/product_cat?post=33687"},{"taxonomy":"product_tag","embeddable":true,"href":"https:\/\/cortecros.com\/hr\/wp-json\/wp\/v2\/product_tag?post=33687"}],"curies":[{"name":"wp","href":"https:\/\/api.w.org\/{rel}","templated":true}]}}