{"id":33694,"date":"2022-11-21T12:12:55","date_gmt":"2022-11-21T12:12:55","guid":{"rendered":"https:\/\/cortecros.com\/?post_type=product&#038;p=33694"},"modified":"2022-11-21T12:12:55","modified_gmt":"2022-11-21T12:12:55","slug":"eco-scent-ff5x","status":"publish","type":"product","link":"https:\/\/cortecros.com\/hr\/product\/eco-scent-ff5x\/","title":{"rendered":"ECO-SCENT FF5X"},"content":{"rendered":"<p>OPIS PROIZVODA<br \/>\n<span class=\"fontstyle0\">ECO-SCENT 5X je koncentrat mje\u0161avine vi\u0161estrukih spora proizveden posebno za velike koli\u010dine s mogu\u0107nostima formuliranja.<br \/>\nECO-SCENT 5X sadr\u017ei sinergisti\u010dke bio-sojeve, surfaktante, hranjive tvari i stimulanse koji osiguravaju izvrsnu razgradnju \u0161kroba, ugljikohidrata, bjelan\u010devina, masti i masti. Uni\u0161tava ove spojeve koji uzrokuju miris. ECO-SCENT 5X je potpuno formulirana, bio-mje\u0161avina koja se razrje\u0111uje sa vodom.<\/span><\/p>\n<p>PRIMJENA<br \/>\n<span class=\"fontstyle1\">\u2022 <\/span><span class=\"fontstyle1\">Uklanjanje mirisa tepiha;<br \/>\n<\/span><span class=\"fontstyle1\">\u2022 <\/span><span class=\"fontstyle1\">Odr\u017eavanje kupaonice (\u010di\u0161\u0107enje povr\u0161ina i kontrola mirisa);<br \/>\n<\/span><span class=\"fontstyle1\">\u2022 <\/span><span class=\"fontstyle1\">Praonica rublja i fitnes;<br \/>\n<\/span><span class=\"fontstyle1\">\u2022 <\/span><span class=\"fontstyle1\">Kontrola mirisa u kantama za sme\u0107e, kontejnerima, kamionima za sme\u0107e, odlagali\u0161tima i gradskom mulju.<\/span><\/p>\n<p>PAKIRANJE:<br \/>\n<span class=\"fontstyle0\">20L, 205L ili 1000L<\/span><\/p>\n<p>SKLADI\u0160TENJE:<br \/>\n<span class=\"fontstyle0\">\u010c<\/span><span class=\"fontstyle1\">uvajte na hladnom i suhom mjestu. Izbjegavajte udisanje i kontakt s o<\/span><span class=\"fontstyle0\">\u010d<\/span><span class=\"fontstyle1\">ima. Izbjegavajte pretjerani kontakt s ko<\/span><span class=\"fontstyle0\">\u017e<\/span><span class=\"fontstyle1\">om. Vidi STL.<\/span><\/p>\n<p><a href=\"https:\/\/cortecros.com\/wp-content\/uploads\/2022\/11\/ECO-SCENT-5X-HR.pdf\">TEHNI\u010cKI LIST PROIZVODA<\/a><\/p>\n","protected":false},"excerpt":{"rendered":"<p>OPIS PROIZVODA ECO-SCENT 5X je koncentrat mje\u0161avine vi\u0161estrukih spora proizveden posebno za velike koli\u010dine s mogu\u0107nostima formuliranja. ECO-SCENT 5X sadr\u017ei sinergisti\u010dke bio-sojeve, surfaktante, hranjive tvari i stimulanse koji osiguravaju izvrsnu razgradnju \u0161kroba, ugljikohidrata, bjelan\u010devina, masti i masti. Uni\u0161tava ove spojeve koji uzrokuju miris. ECO-SCENT 5X je potpuno formulirana, bio-mje\u0161avina koja\u2026 <a class=\"continue-reading-link\" href=\"https:\/\/cortecros.com\/hr\/product\/eco-scent-ff5x\/\">nastavi \u010ditati<\/a><\/p>\n","protected":false},"featured_media":33695,"template":"","meta":{"ngg_post_thumbnail":0,"_links_to":"","_links_to_target":""},"product_brand":[],"product_cat":[111],"product_tag":[],"class_list":{"0":"post-33694","1":"product","2":"type-product","3":"status-publish","4":"has-post-thumbnail","6":"product_cat-biostimulansi","8":"first","9":"instock","10":"shipping-taxable","11":"product-type-simple"},"_links":{"self":[{"href":"https:\/\/cortecros.com\/hr\/wp-json\/wp\/v2\/product\/33694","targetHints":{"allow":["GET"]}}],"collection":[{"href":"https:\/\/cortecros.com\/hr\/wp-json\/wp\/v2\/product"}],"about":[{"href":"https:\/\/cortecros.com\/hr\/wp-json\/wp\/v2\/types\/product"}],"wp:featuredmedia":[{"embeddable":true,"href":"https:\/\/cortecros.com\/hr\/wp-json\/wp\/v2\/media\/33695"}],"wp:attachment":[{"href":"https:\/\/cortecros.com\/hr\/wp-json\/wp\/v2\/media?parent=33694"}],"wp:term":[{"taxonomy":"product_brand","embeddable":true,"href":"https:\/\/cortecros.com\/hr\/wp-json\/wp\/v2\/product_brand?post=33694"},{"taxonomy":"product_cat","embeddable":true,"href":"https:\/\/cortecros.com\/hr\/wp-json\/wp\/v2\/product_cat?post=33694"},{"taxonomy":"product_tag","embeddable":true,"href":"https:\/\/cortecros.com\/hr\/wp-json\/wp\/v2\/product_tag?post=33694"}],"curies":[{"name":"wp","href":"https:\/\/api.w.org\/{rel}","templated":true}]}}