{"id":3371,"date":"2017-05-17T16:46:52","date_gmt":"2017-05-17T16:46:52","guid":{"rendered":"http:\/\/cortecros.com\/product\/vpci-347-podmazivac\/"},"modified":"2017-05-17T16:46:52","modified_gmt":"2017-05-17T16:46:52","slug":"vpci-347-podmazivac","status":"publish","type":"product","link":"https:\/\/cortecros.com\/hr\/product\/vpci-347-podmazivac\/","title":{"rendered":"VpCI\u00ae-347 Podmaziva\u010d"},"content":{"rendered":"<p>Podmaziva\u010d vodotopiv na bazi ulja za te\u0161ke uvjete strojnog rada. Namjenjen za za\u0161titu od korozije, kod proizvodnje metalnih odljevaka, cijevi i strojnih dijelova. Efikasan kod omjera razrje\u0111ivanja 1:40 s vodom. U skladu s NATO 6850-66-132-6101 i NATO 6850-66-132-6012.<br \/>\n<b>Pakiranje:<\/b>\u00a019 l kanister i 208 l ba\u010dva.<\/p>\n<p>Tehni\u010dki list proizvoda (TLP)<\/p>\n<p><a href=\"https:\/\/cortecros.com\/wp-content\/uploads\/2017\/07\/VpCI-347.pdf\">VpCI-347<\/a><\/p>\n","protected":false},"excerpt":{"rendered":"<p>Podmaziva\u010d vodotopiv na bazi ulja za te\u0161ke uvjete strojnog rada. Namjenjen za za\u0161titu od korozije, kod proizvodnje metalnih odljevaka, cijevi i strojnih dijelova. Efikasan kod omjera razrje\u0111ivanja 1:40 s vodom. U skladu s NATO 6850-66-132-6101 i NATO 6850-66-132-6012. Pakiranje:\u00a019 l kanister i 208 l ba\u010dva. Tehni\u010dki list proizvoda (TLP) VpCI-347 <a class=\"continue-reading-link\" href=\"https:\/\/cortecros.com\/hr\/product\/vpci-347-podmazivac\/\">nastavi \u010ditati<\/a><\/p>\n","protected":false},"featured_media":0,"template":"","meta":{"ngg_post_thumbnail":0,"_links_to":"","_links_to_target":""},"product_brand":[],"product_cat":[35,41],"product_tag":[],"class_list":{"0":"post-3371","1":"product","2":"type-product","3":"status-publish","5":"product_cat-vpci-proizvodi-za-obradu-metala","6":"product_cat-vpci-ulja-i-masti","8":"first","9":"instock","10":"shipping-taxable","11":"product-type-simple"},"_links":{"self":[{"href":"https:\/\/cortecros.com\/hr\/wp-json\/wp\/v2\/product\/3371","targetHints":{"allow":["GET"]}}],"collection":[{"href":"https:\/\/cortecros.com\/hr\/wp-json\/wp\/v2\/product"}],"about":[{"href":"https:\/\/cortecros.com\/hr\/wp-json\/wp\/v2\/types\/product"}],"wp:attachment":[{"href":"https:\/\/cortecros.com\/hr\/wp-json\/wp\/v2\/media?parent=3371"}],"wp:term":[{"taxonomy":"product_brand","embeddable":true,"href":"https:\/\/cortecros.com\/hr\/wp-json\/wp\/v2\/product_brand?post=3371"},{"taxonomy":"product_cat","embeddable":true,"href":"https:\/\/cortecros.com\/hr\/wp-json\/wp\/v2\/product_cat?post=3371"},{"taxonomy":"product_tag","embeddable":true,"href":"https:\/\/cortecros.com\/hr\/wp-json\/wp\/v2\/product_tag?post=3371"}],"curies":[{"name":"wp","href":"https:\/\/api.w.org\/{rel}","templated":true}]}}