{"id":3381,"date":"2017-05-17T16:48:55","date_gmt":"2017-05-17T16:48:55","guid":{"rendered":"http:\/\/cortecros.com\/product\/vpci-377-tekuci-koncentrat-na-bazi-vode-za-zastitu-od-korozije\/"},"modified":"2020-04-09T10:48:58","modified_gmt":"2020-04-09T10:48:58","slug":"vpci-377-tekuci-koncentrat-na-bazi-vode-za-zastitu-od-korozije","status":"publish","type":"product","link":"https:\/\/cortecros.com\/hr\/product\/vpci-377-tekuci-koncentrat-na-bazi-vode-za-zastitu-od-korozije\/","title":{"rendered":"VpCI\u00ae-377 Teku\u0107i koncentrat na bazi vode za za\u0161titu od korozije"},"content":{"rendered":"<p>VpCI-377 vodena formulacija koncipirana za potpunu zamjenu uljnih sredstava iste namjene, za\u0161tite od korozije metalne opreme i komponenata u zatvorenim i natkrivenim skladi\u0161tima VpCI-377 spada u vrstu antikorozijskih teku\u0107ina, koje zadovoljavaju i najo\u0161trije uvjete za\u0161tite okoline. Veliki raspon razrje\u0111ivanja s vodom (izme\u0111u 0,5 i 20%) omogu\u0107uje fleksibilnost pode\u0161avanja duljine za\u0161tite i tro\u0161kova po jedinici povr\u0161ine. VpCI-377 nije potrebno uklanjati, a ako se izri\u010dito to zahtijeva, pogodni su uobi\u010dajeni alkalni odma\u0161\u010diva\u010di.<\/p>\n<p><strong>Pakiranje:<\/strong> 19 l kanister, 208 l ba\u010dva<\/p>\n<p><a href=\"https:\/\/cortecros.com\/wp-content\/uploads\/2020\/04\/VpCI-377_i_377_Winterized-new.pdf\">Tehni\u010dki list proizvoda<\/a><\/p>\n","protected":false},"excerpt":{"rendered":"<p>VpCI-377 vodena formulacija koncipirana za potpunu zamjenu uljnih sredstava iste namjene, za\u0161tite od korozije metalne opreme i komponenata u zatvorenim i natkrivenim skladi\u0161tima VpCI-377 spada u vrstu antikorozijskih teku\u0107ina, koje zadovoljavaju i najo\u0161trije uvjete za\u0161tite okoline. Veliki raspon razrje\u0111ivanja s vodom (izme\u0111u 0,5 i 20%) omogu\u0107uje fleksibilnost pode\u0161avanja duljine za\u0161tite\u2026 <a class=\"continue-reading-link\" href=\"https:\/\/cortecros.com\/hr\/product\/vpci-377-tekuci-koncentrat-na-bazi-vode-za-zastitu-od-korozije\/\">nastavi \u010ditati<\/a><\/p>\n","protected":false},"featured_media":3187,"template":"","meta":{"ngg_post_thumbnail":0,"_links_to":"","_links_to_target":""},"product_brand":[],"product_cat":[35,43],"product_tag":[],"class_list":{"0":"post-3381","1":"product","2":"type-product","3":"status-publish","4":"has-post-thumbnail","6":"product_cat-vpci-proizvodi-za-obradu-metala","7":"product_cat-eco-line-proizvodi-sprejevi","9":"first","10":"instock","11":"shipping-taxable","12":"product-type-simple"},"_links":{"self":[{"href":"https:\/\/cortecros.com\/hr\/wp-json\/wp\/v2\/product\/3381","targetHints":{"allow":["GET"]}}],"collection":[{"href":"https:\/\/cortecros.com\/hr\/wp-json\/wp\/v2\/product"}],"about":[{"href":"https:\/\/cortecros.com\/hr\/wp-json\/wp\/v2\/types\/product"}],"wp:featuredmedia":[{"embeddable":true,"href":"https:\/\/cortecros.com\/hr\/wp-json\/wp\/v2\/media\/3187"}],"wp:attachment":[{"href":"https:\/\/cortecros.com\/hr\/wp-json\/wp\/v2\/media?parent=3381"}],"wp:term":[{"taxonomy":"product_brand","embeddable":true,"href":"https:\/\/cortecros.com\/hr\/wp-json\/wp\/v2\/product_brand?post=3381"},{"taxonomy":"product_cat","embeddable":true,"href":"https:\/\/cortecros.com\/hr\/wp-json\/wp\/v2\/product_cat?post=3381"},{"taxonomy":"product_tag","embeddable":true,"href":"https:\/\/cortecros.com\/hr\/wp-json\/wp\/v2\/product_tag?post=3381"}],"curies":[{"name":"wp","href":"https:\/\/api.w.org\/{rel}","templated":true}]}}