{"id":3384,"date":"2017-05-17T16:50:21","date_gmt":"2017-05-17T16:50:21","guid":{"rendered":"http:\/\/cortecros.com\/product\/vpci-378-tekuci-koncentrat-na-vodenoj-osnovi\/"},"modified":"2017-05-17T16:50:21","modified_gmt":"2017-05-17T16:50:21","slug":"vpci-378-tekuci-koncentrat-na-vodenoj-osnovi","status":"publish","type":"product","link":"https:\/\/cortecros.com\/hr\/product\/vpci-378-tekuci-koncentrat-na-vodenoj-osnovi\/","title":{"rendered":"VpCI\u00ae-378 Teku\u0107i koncentrat na vodenoj osnovi"},"content":{"rendered":"<p>Koncentrat na bazi vode, izra\u0111en kao kompletna zamjena za\u0161tite od korozije premazima na bazi otapala. Formira s vodom sme\u0111u emulziju, a nanosi se na povr\u0161inu metala prskanjem ili uranjanjem. Pru\u017ea dugotrajnu za\u0161titu u zatvorenim i natkrivenim skladi\u0161tima. Mo\u017ee se koristiti u velikom razrje\u0111enju s vodom.<\/p>\n<p><strong>Pakiranje:<\/strong> 19 l i 208 l.<\/p>\n<p>Tehni\u010dki list proizvoda (TLP)<\/p>\n<p><a href=\"https:\/\/cortecros.com\/wp-content\/uploads\/2017\/08\/VpCI-378.pdf\">VpCI-378<\/a><\/p>\n","protected":false},"excerpt":{"rendered":"<p>Koncentrat na bazi vode, izra\u0111en kao kompletna zamjena za\u0161tite od korozije premazima na bazi otapala. Formira s vodom sme\u0111u emulziju, a nanosi se na povr\u0161inu metala prskanjem ili uranjanjem. Pru\u017ea dugotrajnu za\u0161titu u zatvorenim i natkrivenim skladi\u0161tima. Mo\u017ee se koristiti u velikom razrje\u0111enju s vodom. Pakiranje: 19 l i 208\u2026 <a class=\"continue-reading-link\" href=\"https:\/\/cortecros.com\/hr\/product\/vpci-378-tekuci-koncentrat-na-vodenoj-osnovi\/\">nastavi \u010ditati<\/a><\/p>\n","protected":false},"featured_media":0,"template":"","meta":{"ngg_post_thumbnail":0,"_links_to":"","_links_to_target":""},"product_brand":[],"product_cat":[35],"product_tag":[],"class_list":{"0":"post-3384","1":"product","2":"type-product","3":"status-publish","5":"product_cat-vpci-proizvodi-za-obradu-metala","7":"first","8":"instock","9":"shipping-taxable","10":"product-type-simple"},"_links":{"self":[{"href":"https:\/\/cortecros.com\/hr\/wp-json\/wp\/v2\/product\/3384","targetHints":{"allow":["GET"]}}],"collection":[{"href":"https:\/\/cortecros.com\/hr\/wp-json\/wp\/v2\/product"}],"about":[{"href":"https:\/\/cortecros.com\/hr\/wp-json\/wp\/v2\/types\/product"}],"wp:attachment":[{"href":"https:\/\/cortecros.com\/hr\/wp-json\/wp\/v2\/media?parent=3384"}],"wp:term":[{"taxonomy":"product_brand","embeddable":true,"href":"https:\/\/cortecros.com\/hr\/wp-json\/wp\/v2\/product_brand?post=3384"},{"taxonomy":"product_cat","embeddable":true,"href":"https:\/\/cortecros.com\/hr\/wp-json\/wp\/v2\/product_cat?post=3384"},{"taxonomy":"product_tag","embeddable":true,"href":"https:\/\/cortecros.com\/hr\/wp-json\/wp\/v2\/product_tag?post=3384"}],"curies":[{"name":"wp","href":"https:\/\/api.w.org\/{rel}","templated":true}]}}