{"id":3387,"date":"2017-05-17T16:52:24","date_gmt":"2017-05-17T16:52:24","guid":{"rendered":"http:\/\/cortecros.com\/product\/vpci-379-premaz-na-bazi-vode-za-zastitu-od-korozije\/"},"modified":"2017-05-17T16:52:24","modified_gmt":"2017-05-17T16:52:24","slug":"vpci-379-premaz-na-bazi-vode-za-zastitu-od-korozije","status":"publish","type":"product","link":"https:\/\/cortecros.com\/hr\/product\/vpci-379-premaz-na-bazi-vode-za-zastitu-od-korozije\/","title":{"rendered":"VpCI\u00ae-379 Premaz na bazi vode za za\u0161titu od korozije"},"content":{"rendered":"<p>Koncentrat na bazi vode za preventivnu za\u0161tit od korozije. Odli\u010dna zamjena za preveniranje korozije sretstvima na bazi ulja. Pru\u017ea dugotrajnu za\u0161titu u zatvorenim skladi\u0161tima i u transportu.<\/p>\n<p><strong>Pakiranje:<\/strong> 19 l i 208 l.<\/p>\n<p>Tehni\u010dki list proizvoda (TLP)<\/p>\n<p><a href=\"https:\/\/cortecros.com\/wp-content\/uploads\/2017\/08\/VpCI-379.pdf\">VpCI-379<\/a><\/p>\n","protected":false},"excerpt":{"rendered":"<p>Koncentrat na bazi vode za preventivnu za\u0161tit od korozije. Odli\u010dna zamjena za preveniranje korozije sretstvima na bazi ulja. Pru\u017ea dugotrajnu za\u0161titu u zatvorenim skladi\u0161tima i u transportu. Pakiranje: 19 l i 208 l. Tehni\u010dki list proizvoda (TLP) VpCI-379 <a class=\"continue-reading-link\" href=\"https:\/\/cortecros.com\/hr\/product\/vpci-379-premaz-na-bazi-vode-za-zastitu-od-korozije\/\">nastavi \u010ditati<\/a><\/p>\n","protected":false},"featured_media":30179,"template":"","meta":{"ngg_post_thumbnail":0,"_links_to":"","_links_to_target":""},"product_brand":[],"product_cat":[35],"product_tag":[],"class_list":{"0":"post-3387","1":"product","2":"type-product","3":"status-publish","4":"has-post-thumbnail","6":"product_cat-vpci-proizvodi-za-obradu-metala","8":"first","9":"instock","10":"shipping-taxable","11":"product-type-simple"},"_links":{"self":[{"href":"https:\/\/cortecros.com\/hr\/wp-json\/wp\/v2\/product\/3387","targetHints":{"allow":["GET"]}}],"collection":[{"href":"https:\/\/cortecros.com\/hr\/wp-json\/wp\/v2\/product"}],"about":[{"href":"https:\/\/cortecros.com\/hr\/wp-json\/wp\/v2\/types\/product"}],"wp:featuredmedia":[{"embeddable":true,"href":"https:\/\/cortecros.com\/hr\/wp-json\/wp\/v2\/media\/30179"}],"wp:attachment":[{"href":"https:\/\/cortecros.com\/hr\/wp-json\/wp\/v2\/media?parent=3387"}],"wp:term":[{"taxonomy":"product_brand","embeddable":true,"href":"https:\/\/cortecros.com\/hr\/wp-json\/wp\/v2\/product_brand?post=3387"},{"taxonomy":"product_cat","embeddable":true,"href":"https:\/\/cortecros.com\/hr\/wp-json\/wp\/v2\/product_cat?post=3387"},{"taxonomy":"product_tag","embeddable":true,"href":"https:\/\/cortecros.com\/hr\/wp-json\/wp\/v2\/product_tag?post=3387"}],"curies":[{"name":"wp","href":"https:\/\/api.w.org\/{rel}","templated":true}]}}