{"id":3391,"date":"2017-05-17T17:16:06","date_gmt":"2017-05-17T17:16:06","guid":{"rendered":"http:\/\/cortecros.com\/product\/corshield-vpci-strugajuci-premaz-2\/"},"modified":"2020-04-06T08:09:05","modified_gmt":"2020-04-06T08:09:05","slug":"corshield-vpci-strugajuci-premaz-2","status":"publish","type":"product","link":"https:\/\/cortecros.com\/hr\/product\/corshield-vpci-strugajuci-premaz-2\/","title":{"rendered":"CorShield\u00ae VpCI\u00ae strugaju\u0107i premaz"},"content":{"rendered":"<p>CorShield VpCI&#x2122; strugaju\u0107i premaz na bazi vode lako se uklanja bez skida\u010da boje ili odma\u0161\u0107iva\u010da. CorShield VpCI&#x2122; je nezapaljiv, a slu\u017ei za privremenu za\u0161titu metala od korozije. Jedinstvena kombinacija tiksotropnih svojstva akril-polimera i hlapljivih inhibitora korozije (VpCI), pru\u017ea odli\u010dnu mehani\u010dku i antikorozivnu za\u0161titu povr\u0161ine metala.<br \/>\nCorShield VpCI&#x2122; prilago\u0111en je za kori\u0161tenje na golom metalu, obojenim povr\u0161inama, ta za\u0161titu metalnih povr\u0161ina gdje je neophodna za\u0161tita inhibitorom korozije.<br \/>\nDizajniran je kao brzo su\u0161e\u0107i premaz, privremena za\u0161tita metalnih dijelova i opreme. CorShield VpCI&#x2122; je proziran premaz, a mo\u017ee se isporu\u010diti u razli\u010ditim bojama.<\/p>\n<p><strong>Pakiranje:<\/strong> CorShield VpCI&#x2122; dostupan je u plasti\u010dnim ba\u010dvama od 19 litra i 208 litara za industrijsku primjenu.<\/p>\n<p><a href=\"https:\/\/cortecros.com\/wp-content\/uploads\/2017\/08\/CorrShield-Stripable-coating.pdf\">Tehni\u010dki list proizvoda<\/a><\/p>\n","protected":false},"excerpt":{"rendered":"<p>CorShield VpCI&#x2122; strugaju\u0107i premaz na bazi vode lako se uklanja bez skida\u010da boje ili odma\u0161\u0107iva\u010da. CorShield VpCI&#x2122; je nezapaljiv, a slu\u017ei za privremenu za\u0161titu metala od korozije. Jedinstvena kombinacija tiksotropnih svojstva akril-polimera i hlapljivih inhibitora korozije (VpCI), pru\u017ea odli\u010dnu mehani\u010dku i antikorozivnu za\u0161titu povr\u0161ine metala. CorShield VpCI&#x2122; prilago\u0111en je za\u2026 <a class=\"continue-reading-link\" href=\"https:\/\/cortecros.com\/hr\/product\/corshield-vpci-strugajuci-premaz-2\/\">nastavi \u010ditati<\/a><\/p>\n","protected":false},"featured_media":29319,"template":"","meta":{"ngg_post_thumbnail":0,"_links_to":"","_links_to_target":""},"product_brand":[],"product_cat":[36],"product_tag":[],"class_list":{"0":"post-3391","1":"product","2":"type-product","3":"status-publish","4":"has-post-thumbnail","6":"product_cat-vpci-premazi-za-antikorozivnu-zastitu-i-konzervaciju-metala","8":"first","9":"instock","10":"shipping-taxable","11":"product-type-simple"},"_links":{"self":[{"href":"https:\/\/cortecros.com\/hr\/wp-json\/wp\/v2\/product\/3391","targetHints":{"allow":["GET"]}}],"collection":[{"href":"https:\/\/cortecros.com\/hr\/wp-json\/wp\/v2\/product"}],"about":[{"href":"https:\/\/cortecros.com\/hr\/wp-json\/wp\/v2\/types\/product"}],"wp:featuredmedia":[{"embeddable":true,"href":"https:\/\/cortecros.com\/hr\/wp-json\/wp\/v2\/media\/29319"}],"wp:attachment":[{"href":"https:\/\/cortecros.com\/hr\/wp-json\/wp\/v2\/media?parent=3391"}],"wp:term":[{"taxonomy":"product_brand","embeddable":true,"href":"https:\/\/cortecros.com\/hr\/wp-json\/wp\/v2\/product_brand?post=3391"},{"taxonomy":"product_cat","embeddable":true,"href":"https:\/\/cortecros.com\/hr\/wp-json\/wp\/v2\/product_cat?post=3391"},{"taxonomy":"product_tag","embeddable":true,"href":"https:\/\/cortecros.com\/hr\/wp-json\/wp\/v2\/product_tag?post=3391"}],"curies":[{"name":"wp","href":"https:\/\/api.w.org\/{rel}","templated":true}]}}