{"id":3394,"date":"2017-05-17T17:24:03","date_gmt":"2017-05-17T17:24:03","guid":{"rendered":"http:\/\/cortecros.com\/product\/ecoshield-386-premaz-na-bazi-vode-s-nano-vpci-tehnologijom\/"},"modified":"2020-12-24T08:40:05","modified_gmt":"2020-12-24T08:40:05","slug":"ecoshield-386-premaz-na-bazi-vode-s-nano-vpci-tehnologijom","status":"publish","type":"product","link":"https:\/\/cortecros.com\/hr\/product\/ecoshield-386-premaz-na-bazi-vode-s-nano-vpci-tehnologijom\/","title":{"rendered":"EcoShield\u00ae 386 premaz na bazi vode s Nano VpCI tehnologijom"},"content":{"rendered":"<p>EcoShield 386 premaz na bazi vode sa Nano VpCI tehnologijom predstavlja izvrstan napredak u podru\u010dju premaza na bazi vode, koji pru\u017ea nevjerojatnih 1000 sati za\u0161tite u slanoj okolini pri samo 25 mikrona DFT (debljine suhog filma). Ova jedinstvena akrilna formula koristi slo\u017eenu mje\u0161avinu nano, netoksi\u010dnih inhibitora korozije koji pru\u017eaju bolju za\u0161titu od tradicionalnih premaza. EcoShield 386 je najbolji izbor za\u0161tite u te\u0161kim, neza\u0161ti\u0107enim primjenama na otvorenom gdje je potrebna dugotrajna za\u0161tita od korozije i UV zra\u010denja. Potencijalna primjena ove napredne tehnologije je brojna, od industrijske primjene, primjene u kapacitetima transporta i prerade nafte i plina do automobilske industrije.<\/p>\n<p><strong>Pakiranje:<\/strong> Ecoshield 386 dostupan je u 19 litarskim kanisterima, 208 litarskim metalnim ba\u010dvama, kontejnerima od 1100 litara. \u010cuvati proizvod od smrzavanja (osim verzije za zimske uvjete). Vijek trajanja je 1 godina.<\/p>\n<p><a href=\"https:\/\/cortecros.com\/wp-content\/uploads\/2020\/12\/EcoShield_386_Water_Based_Coating_-_update.pdf\">Tehni\u010dki list proizvoda<\/a><\/p>\n","protected":false},"excerpt":{"rendered":"<p>EcoShield 386 premaz na bazi vode sa Nano VpCI tehnologijom predstavlja izvrstan napredak u podru\u010dju premaza na bazi vode, koji pru\u017ea nevjerojatnih 1000 sati za\u0161tite u slanoj okolini pri samo 25 mikrona DFT (debljine suhog filma). Ova jedinstvena akrilna formula koristi slo\u017eenu mje\u0161avinu nano, netoksi\u010dnih inhibitora korozije koji pru\u017eaju bolju\u2026 <a class=\"continue-reading-link\" href=\"https:\/\/cortecros.com\/hr\/product\/ecoshield-386-premaz-na-bazi-vode-s-nano-vpci-tehnologijom\/\">nastavi \u010ditati<\/a><\/p>\n","protected":false},"featured_media":17310,"template":"","meta":{"ngg_post_thumbnail":0,"_links_to":"","_links_to_target":""},"product_brand":[],"product_cat":[36,43],"product_tag":[],"class_list":{"0":"post-3394","1":"product","2":"type-product","3":"status-publish","4":"has-post-thumbnail","6":"product_cat-vpci-premazi-za-antikorozivnu-zastitu-i-konzervaciju-metala","7":"product_cat-eco-line-proizvodi-sprejevi","9":"first","10":"instock","11":"shipping-taxable","12":"product-type-simple"},"_links":{"self":[{"href":"https:\/\/cortecros.com\/hr\/wp-json\/wp\/v2\/product\/3394","targetHints":{"allow":["GET"]}}],"collection":[{"href":"https:\/\/cortecros.com\/hr\/wp-json\/wp\/v2\/product"}],"about":[{"href":"https:\/\/cortecros.com\/hr\/wp-json\/wp\/v2\/types\/product"}],"wp:featuredmedia":[{"embeddable":true,"href":"https:\/\/cortecros.com\/hr\/wp-json\/wp\/v2\/media\/17310"}],"wp:attachment":[{"href":"https:\/\/cortecros.com\/hr\/wp-json\/wp\/v2\/media?parent=3394"}],"wp:term":[{"taxonomy":"product_brand","embeddable":true,"href":"https:\/\/cortecros.com\/hr\/wp-json\/wp\/v2\/product_brand?post=3394"},{"taxonomy":"product_cat","embeddable":true,"href":"https:\/\/cortecros.com\/hr\/wp-json\/wp\/v2\/product_cat?post=3394"},{"taxonomy":"product_tag","embeddable":true,"href":"https:\/\/cortecros.com\/hr\/wp-json\/wp\/v2\/product_tag?post=3394"}],"curies":[{"name":"wp","href":"https:\/\/api.w.org\/{rel}","templated":true}]}}