{"id":3395,"date":"2017-05-17T17:44:53","date_gmt":"2017-05-17T17:44:53","guid":{"rendered":"http:\/\/cortecros.com\/product\/vpci-372-skidajuci-premaz\/"},"modified":"2020-05-05T09:03:06","modified_gmt":"2020-05-05T09:03:06","slug":"vpci-372-skidajuci-premaz","status":"publish","type":"product","link":"https:\/\/cortecros.com\/hr\/product\/vpci-372-skidajuci-premaz\/","title":{"rendered":"VpCI\u00ae-372 Skidaju\u0107i premaz"},"content":{"rendered":"<p>VpCI-372 je brzo su\u0161e\u0107i premaz na bazi vode. Pru\u017ea multimetalnu za\u0161titu od korozije u zatvorenim prostorima. Ovaj premaz se vrlo lako uklanja guljenjem. Pru\u017ea izvrsnu za\u0161titu od UV zra\u010denja. U ponudi imamo nekoliko razli\u010ditih boja premaza. Kontaktirajte nas za sve dodatne informacije.<\/p>\n<p><b>Pakiranje:<\/b>\u00a019 l i 208 l.<\/p>\n<p><a href=\"https:\/\/cortecros.com\/wp-content\/uploads\/2020\/05\/VpCI-372-HR.pdf\">Tehni\u010dki list proizvoda (VpCI-372)<\/a><\/p>\n<p><a href=\"https:\/\/cortecros.com\/wp-content\/uploads\/2020\/05\/VpCI-372E-HR.pdf\">Tehni\u010dki list proizvoda (VpCI-372E)<\/a><\/p>\n","protected":false},"excerpt":{"rendered":"<p>VpCI-372 je brzo su\u0161e\u0107i premaz na bazi vode. Pru\u017ea multimetalnu za\u0161titu od korozije u zatvorenim prostorima. Ovaj premaz se vrlo lako uklanja guljenjem. Pru\u017ea izvrsnu za\u0161titu od UV zra\u010denja. U ponudi imamo nekoliko razli\u010ditih boja premaza. Kontaktirajte nas za sve dodatne informacije. Pakiranje:\u00a019 l i 208 l. Tehni\u010dki list proizvoda\u2026 <a class=\"continue-reading-link\" href=\"https:\/\/cortecros.com\/hr\/product\/vpci-372-skidajuci-premaz\/\">nastavi \u010ditati<\/a><\/p>\n","protected":false},"featured_media":17310,"template":"","meta":{"ngg_post_thumbnail":0,"_links_to":"","_links_to_target":""},"product_brand":[],"product_cat":[36],"product_tag":[],"class_list":{"0":"post-3395","1":"product","2":"type-product","3":"status-publish","4":"has-post-thumbnail","6":"product_cat-vpci-premazi-za-antikorozivnu-zastitu-i-konzervaciju-metala","8":"first","9":"instock","10":"shipping-taxable","11":"product-type-simple"},"_links":{"self":[{"href":"https:\/\/cortecros.com\/hr\/wp-json\/wp\/v2\/product\/3395","targetHints":{"allow":["GET"]}}],"collection":[{"href":"https:\/\/cortecros.com\/hr\/wp-json\/wp\/v2\/product"}],"about":[{"href":"https:\/\/cortecros.com\/hr\/wp-json\/wp\/v2\/types\/product"}],"wp:featuredmedia":[{"embeddable":true,"href":"https:\/\/cortecros.com\/hr\/wp-json\/wp\/v2\/media\/17310"}],"wp:attachment":[{"href":"https:\/\/cortecros.com\/hr\/wp-json\/wp\/v2\/media?parent=3395"}],"wp:term":[{"taxonomy":"product_brand","embeddable":true,"href":"https:\/\/cortecros.com\/hr\/wp-json\/wp\/v2\/product_brand?post=3395"},{"taxonomy":"product_cat","embeddable":true,"href":"https:\/\/cortecros.com\/hr\/wp-json\/wp\/v2\/product_cat?post=3395"},{"taxonomy":"product_tag","embeddable":true,"href":"https:\/\/cortecros.com\/hr\/wp-json\/wp\/v2\/product_tag?post=3395"}],"curies":[{"name":"wp","href":"https:\/\/api.w.org\/{rel}","templated":true}]}}