{"id":3398,"date":"2017-05-17T17:47:11","date_gmt":"2017-05-17T17:47:11","guid":{"rendered":"http:\/\/cortecros.com\/product\/vpci-373-osnovni-premaz-wash-primer\/"},"modified":"2020-05-05T12:55:05","modified_gmt":"2020-05-05T12:55:05","slug":"vpci-373-osnovni-premaz-wash-primer","status":"publish","type":"product","link":"https:\/\/cortecros.com\/hr\/product\/vpci-373-osnovni-premaz-wash-primer\/","title":{"rendered":"VpCI\u00ae-373 Osnovni premaz -Wash Primer"},"content":{"rendered":"<p>Brzo su\u0161e\u0107i temeljni premaz (wash primer) na bazi vode. U skladu s MIL-P-15328D.<\/p>\n<p><span class=\"fontstyle0\">Sadr\u017ei isklju\u010divo netoksi\u010dne organske inhibitore korozije, te pru\u017ea za\u0161titu na razini konvencionalnih boja i premaza sa cinkom. Pru\u017ea multimetalnu za\u0161titu. Dostupan je u prozirnoj verziji i u maslinasto-zelenoj boji.<\/span><\/p>\n<p><strong>Pakiranje:<\/strong> 19 l, 208 l, IBC kontejnerima i bulk pakiranju.<\/p>\n<p><a href=\"https:\/\/cortecros.com\/wp-content\/uploads\/2020\/05\/VpCI-373.pdf\">Tehni\u010dki list proizvoda VpCI-373<\/a><\/p>\n<p>&nbsp;<\/p>\n","protected":false},"excerpt":{"rendered":"<p>Brzo su\u0161e\u0107i temeljni premaz (wash primer) na bazi vode. U skladu s MIL-P-15328D. Sadr\u017ei isklju\u010divo netoksi\u010dne organske inhibitore korozije, te pru\u017ea za\u0161titu na razini konvencionalnih boja i premaza sa cinkom. Pru\u017ea multimetalnu za\u0161titu. Dostupan je u prozirnoj verziji i u maslinasto-zelenoj boji. Pakiranje: 19 l, 208 l, IBC kontejnerima i\u2026 <a class=\"continue-reading-link\" href=\"https:\/\/cortecros.com\/hr\/product\/vpci-373-osnovni-premaz-wash-primer\/\">nastavi \u010ditati<\/a><\/p>\n","protected":false},"featured_media":17310,"template":"","meta":{"ngg_post_thumbnail":0,"_links_to":"","_links_to_target":""},"product_brand":[],"product_cat":[36],"product_tag":[],"class_list":{"0":"post-3398","1":"product","2":"type-product","3":"status-publish","4":"has-post-thumbnail","6":"product_cat-vpci-premazi-za-antikorozivnu-zastitu-i-konzervaciju-metala","8":"first","9":"instock","10":"shipping-taxable","11":"product-type-simple"},"_links":{"self":[{"href":"https:\/\/cortecros.com\/hr\/wp-json\/wp\/v2\/product\/3398","targetHints":{"allow":["GET"]}}],"collection":[{"href":"https:\/\/cortecros.com\/hr\/wp-json\/wp\/v2\/product"}],"about":[{"href":"https:\/\/cortecros.com\/hr\/wp-json\/wp\/v2\/types\/product"}],"wp:featuredmedia":[{"embeddable":true,"href":"https:\/\/cortecros.com\/hr\/wp-json\/wp\/v2\/media\/17310"}],"wp:attachment":[{"href":"https:\/\/cortecros.com\/hr\/wp-json\/wp\/v2\/media?parent=3398"}],"wp:term":[{"taxonomy":"product_brand","embeddable":true,"href":"https:\/\/cortecros.com\/hr\/wp-json\/wp\/v2\/product_brand?post=3398"},{"taxonomy":"product_cat","embeddable":true,"href":"https:\/\/cortecros.com\/hr\/wp-json\/wp\/v2\/product_cat?post=3398"},{"taxonomy":"product_tag","embeddable":true,"href":"https:\/\/cortecros.com\/hr\/wp-json\/wp\/v2\/product_tag?post=3398"}],"curies":[{"name":"wp","href":"https:\/\/api.w.org\/{rel}","templated":true}]}}