{"id":3401,"date":"2017-05-17T17:48:37","date_gmt":"2017-05-17T17:48:37","guid":{"rendered":"http:\/\/cortecros.com\/product\/vpci-374-akrilni-temeljni-premaz\/"},"modified":"2017-05-17T17:48:37","modified_gmt":"2017-05-17T17:48:37","slug":"vpci-374-akrilni-temeljni-premaz","status":"publish","type":"product","link":"https:\/\/cortecros.com\/hr\/product\/vpci-374-akrilni-temeljni-premaz\/","title":{"rendered":"VpCI\u00ae-374 Akrilni temeljni premaz"},"content":{"rendered":"<p>Temeljni premaz na bazi vode, brzo su\u0161e\u0107i. Pru\u017ea odli\u010dnu za\u0161titu od korozije, prihvatljiv za okoli\u0161.<br \/>\nBaziran na hidrofobnom latexu, odli\u010dna otpornost u slanim uvjetima. Mo\u017ee biti premazan sa svim vrstama zavr\u0161nih premaza na bazi vode i otapala.<\/p>\n<p><strong>Pakiranje:<\/strong> kanister 19 l, ba\u010dva 208 l.<\/p>\n<p>Tehni\u010dki list proizvoda (TLP)<\/p>\n<p><a href=\"https:\/\/cortecros.com\/wp-content\/uploads\/2017\/08\/VpCI-374.pdf\">VpCI-374<\/a><\/p>\n","protected":false},"excerpt":{"rendered":"<p>Temeljni premaz na bazi vode, brzo su\u0161e\u0107i. Pru\u017ea odli\u010dnu za\u0161titu od korozije, prihvatljiv za okoli\u0161. Baziran na hidrofobnom latexu, odli\u010dna otpornost u slanim uvjetima. Mo\u017ee biti premazan sa svim vrstama zavr\u0161nih premaza na bazi vode i otapala. Pakiranje: kanister 19 l, ba\u010dva 208 l. Tehni\u010dki list proizvoda (TLP) VpCI-374 <a class=\"continue-reading-link\" href=\"https:\/\/cortecros.com\/hr\/product\/vpci-374-akrilni-temeljni-premaz\/\">nastavi \u010ditati<\/a><\/p>\n","protected":false},"featured_media":0,"template":"","meta":{"ngg_post_thumbnail":0,"_links_to":"","_links_to_target":""},"product_brand":[],"product_cat":[36],"product_tag":[],"class_list":{"0":"post-3401","1":"product","2":"type-product","3":"status-publish","5":"product_cat-vpci-premazi-za-antikorozivnu-zastitu-i-konzervaciju-metala","7":"first","8":"instock","9":"shipping-taxable","10":"product-type-simple"},"_links":{"self":[{"href":"https:\/\/cortecros.com\/hr\/wp-json\/wp\/v2\/product\/3401","targetHints":{"allow":["GET"]}}],"collection":[{"href":"https:\/\/cortecros.com\/hr\/wp-json\/wp\/v2\/product"}],"about":[{"href":"https:\/\/cortecros.com\/hr\/wp-json\/wp\/v2\/types\/product"}],"wp:attachment":[{"href":"https:\/\/cortecros.com\/hr\/wp-json\/wp\/v2\/media?parent=3401"}],"wp:term":[{"taxonomy":"product_brand","embeddable":true,"href":"https:\/\/cortecros.com\/hr\/wp-json\/wp\/v2\/product_brand?post=3401"},{"taxonomy":"product_cat","embeddable":true,"href":"https:\/\/cortecros.com\/hr\/wp-json\/wp\/v2\/product_cat?post=3401"},{"taxonomy":"product_tag","embeddable":true,"href":"https:\/\/cortecros.com\/hr\/wp-json\/wp\/v2\/product_tag?post=3401"}],"curies":[{"name":"wp","href":"https:\/\/api.w.org\/{rel}","templated":true}]}}