{"id":3404,"date":"2017-05-17T17:51:29","date_gmt":"2017-05-17T17:51:29","guid":{"rendered":"http:\/\/cortecros.com\/product\/vpci-375-akrilni-temeljni-premaz\/"},"modified":"2017-05-17T17:51:29","modified_gmt":"2017-05-17T17:51:29","slug":"vpci-375-akrilni-temeljni-premaz","status":"publish","type":"product","link":"https:\/\/cortecros.com\/hr\/product\/vpci-375-akrilni-temeljni-premaz\/","title":{"rendered":"VpCI\u00ae-375 Akrilni temeljni premaz"},"content":{"rendered":"<p>VpCI-375 temeljni premaz na bazi vode, pru\u017ea odli\u010dnu za\u0161titu povr\u0161ine metala prije nano\u0161enja zavr\u0161nih premaza. VpCI-375 pru\u017ea za\u0161titu od korozije u o\u0161trim, vanjskim neza\u0161ti\u0107enim uvjetima. Nije potrebno odmah nanositi zavr\u0161ni premaz. Ovaj temeljni premaz namjenjen je za odr\u017eavanje povr\u0161ina metalnih konstrukcija i za povr\u0161ine \u010deli\u010dnih konstrukcija s debljinom premaza ve\u0107om od 25 mikrona. VpCI-375 je brzo su\u0161e\u0107i akrilni temeljni premaz koji objedinjuje svojstva inhibitore korozije za sprje\u010davanje flash-korozije i dugotrajnost premaza.<\/p>\n<p><strong>Pakiranje:<\/strong> kanistar 19 l, ba\u010dva 208 l<\/p>\n<p>Tehni\u010dki list proizvoda (TLP)<\/p>\n<p><a href=\"https:\/\/cortecros.com\/wp-content\/uploads\/2017\/08\/VpCI-375.pdf\">VpCI-375<\/a><\/p>\n","protected":false},"excerpt":{"rendered":"<p>VpCI-375 temeljni premaz na bazi vode, pru\u017ea odli\u010dnu za\u0161titu povr\u0161ine metala prije nano\u0161enja zavr\u0161nih premaza. VpCI-375 pru\u017ea za\u0161titu od korozije u o\u0161trim, vanjskim neza\u0161ti\u0107enim uvjetima. Nije potrebno odmah nanositi zavr\u0161ni premaz. Ovaj temeljni premaz namjenjen je za odr\u017eavanje povr\u0161ina metalnih konstrukcija i za povr\u0161ine \u010deli\u010dnih konstrukcija s debljinom premaza ve\u0107om\u2026 <a class=\"continue-reading-link\" href=\"https:\/\/cortecros.com\/hr\/product\/vpci-375-akrilni-temeljni-premaz\/\">nastavi \u010ditati<\/a><\/p>\n","protected":false},"featured_media":0,"template":"","meta":{"ngg_post_thumbnail":0,"_links_to":"","_links_to_target":""},"product_brand":[],"product_cat":[36],"product_tag":[],"class_list":{"0":"post-3404","1":"product","2":"type-product","3":"status-publish","5":"product_cat-vpci-premazi-za-antikorozivnu-zastitu-i-konzervaciju-metala","7":"first","8":"instock","9":"shipping-taxable","10":"product-type-simple"},"_links":{"self":[{"href":"https:\/\/cortecros.com\/hr\/wp-json\/wp\/v2\/product\/3404","targetHints":{"allow":["GET"]}}],"collection":[{"href":"https:\/\/cortecros.com\/hr\/wp-json\/wp\/v2\/product"}],"about":[{"href":"https:\/\/cortecros.com\/hr\/wp-json\/wp\/v2\/types\/product"}],"wp:attachment":[{"href":"https:\/\/cortecros.com\/hr\/wp-json\/wp\/v2\/media?parent=3404"}],"wp:term":[{"taxonomy":"product_brand","embeddable":true,"href":"https:\/\/cortecros.com\/hr\/wp-json\/wp\/v2\/product_brand?post=3404"},{"taxonomy":"product_cat","embeddable":true,"href":"https:\/\/cortecros.com\/hr\/wp-json\/wp\/v2\/product_cat?post=3404"},{"taxonomy":"product_tag","embeddable":true,"href":"https:\/\/cortecros.com\/hr\/wp-json\/wp\/v2\/product_tag?post=3404"}],"curies":[{"name":"wp","href":"https:\/\/api.w.org\/{rel}","templated":true}]}}